{"id":451,"date":"2021-09-12T23:27:44","date_gmt":"2021-09-12T21:27:44","guid":{"rendered":"http:\/\/sherpaladowarki.pl\/index.php\/ogrod-2\/"},"modified":"2021-09-17T14:59:13","modified_gmt":"2021-09-17T12:59:13","slug":"ogrod-2","status":"publish","type":"page","link":"https:\/\/sherpaladowarki.pl\/index.php\/ogrod-2\/","title":{"rendered":"Ogrod"},"content":{"rendered":"\n    \n    <section class=\"u-clearfix u-section-2\" id=\"sec-453f\">\n      <div class=\"u-clearfix u-sheet u-sheet-1\">\n        <h1 class=\"u-text u-text-default u-text-1\">Ogr\u00f3d<\/h1>\n      <\/div>\n    <\/section>\n    <section class=\"u-align-left u-clearfix u-image u-image-contain lazyload u-section-3\" src=\"\" data-image-width=\"800\" data-image-height=\"450\" id=\"sec-e4fc\" data-bg=\"url(&quot;https:\/\/sherpaladowarki.pl\/wp-content\/uploads\/2021\/09\/gardeners.jpg&quot;)\">\n      <div class=\"u-align-left u-clearfix u-sheet u-sheet-1\"><\/div>\n    <\/section>\n    <section class=\"u-align-center u-clearfix u-white u-section-4\" id=\"sec-0e33\">\n      <div class=\"u-align-left u-clearfix u-sheet u-sheet-1\">\n        <p class=\"u-align-justify u-text u-text-1\"> Ogrodnik cz\u0119sto pracuje na ma\u0142ych przestrzeniach z ograniczonymi i w\u0105skimi wej\u015bciami. Na podstawie tych informacji firma Hanenberg Equipment opracowa\u0142a maszyn\u0119, kt\u00f3ra doskonale sprawdza si\u0119 w tak ma\u0142ych przestrzeniach<br>\n          <br> Najw\u0119\u017csza konstrukcja SHERPA 100 ma tylko 76 cm szeroko\u015bci i promie\u0144 skr\u0119tu tylko 120 cm. Oznacza to, \u017ce przechodzenie przez otwory drzwiowe i wchodzenie do w\u0105skich uliczek nie stanowi \u017cadnego problemu. Bez problemu mo\u017cna przejecha\u0107 przez bramk\u0119 na podw\u00f3rko. Teraz mo\u017cesz zacz\u0105\u0107 sprawnie realizowa\u0107 \u017cyczenia klienta!<br>\n          <br> Kiedy trzeba wykona\u0107 ci\u0119\u017csze prace, nasza ma\u0142a pot\u0119ga SHERPA 100 ma trzech wi\u0119kszych braci. Mianowicie SHERPA 150, SHERPA 200 i SHERPA 300.\n        <\/p>\n      <\/div>\n    <\/section>\n    <section class=\"u-clearfix u-section-5\" id=\"sec-6cac\">\n      <div class=\"u-clearfix u-sheet u-sheet-1\">\n        <h3 class=\"u-align-center u-text u-text-default u-text-1\">wideo<\/h3>\n        <div class=\"u-expanded-width u-gallery u-layout-grid u-lightbox u-no-transition u-show-text-on-hover u-gallery-1\">\n          <div class=\"u-gallery-inner u-gallery-inner-1\">\n            <div class=\"u-effect-fade u-gallery-item\">\n              <div class=\"u-back-slide u-video u-video-contain\" data-image-width=\"720\" data-image-height=\"1080\">\n                <div class=\"u-background-video u-expanded\" style=\"\">\n                  <div class=\"embed-responsive embed-responsive-1\">\n                    <iframe style=\"position: absolute;top: 0;left: 0;width: 100%;height: 100%;\" class=\"embed-responsive-item lazyload\" frameborder=\"0\" allowfullscreen=\"\" data-src=\"https:\/\/www.youtube-nocookie.com\/embed\/h9uEmts40fE?playlist=h9uEmts40fE&amp;loop=1&amp;mute=1&amp;showinfo=0&amp;controls=0&amp;start=0&amp;autoplay=1\"><\/iframe>\n                  <\/div>\n                <\/div>\n              <\/div>\n              <div class=\"u-over-slide u-shading u-over-slide-1\">\n                <h3 class=\"u-gallery-heading\"><\/h3>\n                <p class=\"u-gallery-text\"><\/p>\n              <\/div>\n            <\/div>\n            <div class=\"u-effect-fade u-gallery-item\">\n              <div class=\"u-back-slide u-video u-video-contain\" data-image-width=\"1620\" data-image-height=\"1080\">\n                <div class=\"u-background-video u-expanded\" style=\"\">\n                  <div class=\"embed-responsive embed-responsive-2\">\n                    <iframe style=\"position: absolute;top: 0;left: 0;width: 100%;height: 100%;\" class=\"embed-responsive-item lazyload\" frameborder=\"0\" allowfullscreen=\"\" data-src=\"https:\/\/www.youtube-nocookie.com\/embed\/EZ0TonP6cjI?playlist=EZ0TonP6cjI&amp;loop=1&amp;mute=1&amp;showinfo=0&amp;controls=0&amp;start=0&amp;autoplay=1\"><\/iframe>\n                  <\/div>\n                <\/div>\n              <\/div>\n              <div class=\"u-over-slide u-shading u-over-slide-2\">\n                <h3 class=\"u-gallery-heading\"><\/h3>\n                <p class=\"u-gallery-text\"><\/p>\n              <\/div>\n            <\/div>\n            <div class=\"u-effect-fade u-gallery-item\">\n              <div class=\"u-back-slide u-video u-video-contain\" data-image-width=\"1620\" data-image-height=\"1080\">\n                <div class=\"u-background-video u-expanded\" style=\"\">\n                  <div class=\"embed-responsive embed-responsive-3\">\n                    <iframe style=\"position: absolute;top: 0;left: 0;width: 100%;height: 100%;\" class=\"embed-responsive-item lazyload\" frameborder=\"0\" allowfullscreen=\"\" data-src=\"https:\/\/www.youtube-nocookie.com\/embed\/pF__V3Pylx0?playlist=pF__V3Pylx0&amp;loop=1&amp;mute=1&amp;showinfo=0&amp;controls=0&amp;start=0&amp;autoplay=1\"><\/iframe>\n                  <\/div>\n                <\/div>\n              <\/div>\n              <div class=\"u-over-slide u-shading u-over-slide-3\">\n                <h3 class=\"u-gallery-heading\"><\/h3>\n                <p class=\"u-gallery-text\"><\/p>\n              <\/div>\n            <\/div>\n            <div class=\"u-effect-fade u-gallery-item\">\n              <div class=\"u-back-slide u-video\" data-image-width=\"720\" data-image-height=\"1080\">\n                <div class=\"u-background-video u-expanded\" style=\"\">\n                  <div class=\"embed-responsive embed-responsive-4\">\n                    <iframe style=\"position: absolute;top: 0;left: 0;width: 100%;height: 100%;\" class=\"embed-responsive-item lazyload\" frameborder=\"0\" allowfullscreen=\"\" data-src=\"https:\/\/www.youtube-nocookie.com\/embed\/4W9RutOXEp8?playlist=4W9RutOXEp8&amp;loop=1&amp;mute=1&amp;showinfo=0&amp;controls=0&amp;start=0&amp;autoplay=1\"><\/iframe>\n                  <\/div>\n                <\/div>\n              <\/div>\n              <div class=\"u-over-slide u-shading u-over-slide-4\">\n                <h3 class=\"u-gallery-heading\"><\/h3>\n                <p class=\"u-gallery-text\"><\/p>\n              <\/div>\n            <\/div>\n            <div class=\"u-effect-fade u-gallery-item\">\n              <div class=\"u-back-slide u-video u-video-contain\" data-image-width=\"720\" data-image-height=\"1080\">\n                <div class=\"u-background-video u-expanded\" style=\"\">\n                  <div class=\"embed-responsive embed-responsive-5\">\n                    <iframe style=\"position: absolute;top: 0;left: 0;width: 100%;height: 100%;\" class=\"embed-responsive-item lazyload\" frameborder=\"0\" allowfullscreen=\"\" data-src=\"https:\/\/www.youtube-nocookie.com\/embed\/OIt3SDSO81k?playlist=OIt3SDSO81k&amp;loop=1&amp;mute=1&amp;showinfo=0&amp;controls=0&amp;start=0&amp;autoplay=1\"><\/iframe>\n                  <\/div>\n                <\/div>\n              <\/div>\n              <div class=\"u-over-slide u-shading u-over-slide-5\">\n                <h3 class=\"u-gallery-heading\"><\/h3>\n                <p class=\"u-gallery-text\"><\/p>\n              <\/div>\n            <\/div>\n            <div class=\"u-effect-fade u-gallery-item\">\n              <div class=\"u-back-slide u-video u-video-contain\" data-image-width=\"720\" data-image-height=\"1080\">\n                <div class=\"u-background-video u-expanded\" style=\"\">\n                  <div class=\"embed-responsive embed-responsive-6\">\n                    <iframe style=\"position: absolute;top: 0;left: 0;width: 100%;height: 100%;\" class=\"embed-responsive-item lazyload\" frameborder=\"0\" allowfullscreen=\"\" data-src=\"https:\/\/www.youtube-nocookie.com\/embed\/aX1q79j9n44?playlist=aX1q79j9n44&amp;loop=1&amp;mute=1&amp;showinfo=0&amp;controls=0&amp;start=0&amp;autoplay=1\"><\/iframe>\n                  <\/div>\n                <\/div>\n              <\/div>\n              <div class=\"u-over-slide u-shading u-over-slide-6\">\n                <h3 class=\"u-gallery-heading\"><\/h3>\n                <p class=\"u-gallery-text\"><\/p>\n              <\/div>\n            <\/div>\n            <div class=\"u-effect-fade u-gallery-item\">\n              <div class=\"u-back-slide u-video u-video-contain\" data-image-width=\"1600\" data-image-height=\"1067\">\n                <div class=\"u-background-video u-expanded\" style=\"\">\n                  <div class=\"embed-responsive embed-responsive-7\">\n                    <iframe style=\"position: absolute;top: 0;left: 0;width: 100%;height: 100%;\" class=\"embed-responsive-item lazyload\" frameborder=\"0\" allowfullscreen=\"\" data-src=\"https:\/\/www.youtube-nocookie.com\/embed\/xwDaGd-holA?playlist=xwDaGd-holA&amp;loop=1&amp;mute=1&amp;showinfo=0&amp;controls=0&amp;start=0&amp;autoplay=1\"><\/iframe>\n                  <\/div>\n                <\/div>\n              <\/div>\n              <div class=\"u-over-slide u-shading u-over-slide-7\">\n                <h3 class=\"u-gallery-heading\"><\/h3>\n                <p class=\"u-gallery-text\"><\/p>\n              <\/div>\n            <\/div>\n            <div class=\"u-effect-fade u-gallery-item\">\n              <div class=\"u-back-slide u-video\" data-image-width=\"211\" data-image-height=\"182\">\n                <div class=\"u-background-video u-expanded\" style=\"\">\n                  <div class=\"embed-responsive embed-responsive-8\">\n                    <iframe style=\"position: absolute;top: 0;left: 0;width: 100%;height: 100%;\" class=\"embed-responsive-item lazyload\" frameborder=\"0\" allowfullscreen=\"\" data-src=\"https:\/\/www.youtube-nocookie.com\/embed\/cUT_3a1gGes?playlist=cUT_3a1gGes&amp;loop=1&amp;mute=1&amp;showinfo=0&amp;controls=0&amp;start=0&amp;autoplay=1\"><\/iframe>\n                  <\/div>\n                <\/div>\n              <\/div>\n              <div class=\"u-over-slide u-shading u-over-slide-8\">\n                <h3 class=\"u-gallery-heading\"><\/h3>\n                <p class=\"u-gallery-text\"><\/p>\n              <\/div>\n            <\/div>\n            <div class=\"u-effect-fade u-gallery-item\">\n              <div class=\"u-back-slide u-video u-video-contain\" data-image-width=\"211\" data-image-height=\"182\">\n                <div class=\"u-background-video u-expanded\" style=\"\">\n                  <div class=\"embed-responsive embed-responsive-9\">\n                    <iframe style=\"position: absolute;top: 0;left: 0;width: 100%;height: 100%;\" class=\"embed-responsive-item lazyload\" frameborder=\"0\" allowfullscreen=\"\" data-src=\"https:\/\/www.youtube-nocookie.com\/embed\/lKYjt_IwWEw?playlist=lKYjt_IwWEw&amp;loop=1&amp;mute=1&amp;showinfo=0&amp;controls=0&amp;start=0&amp;autoplay=1\"><\/iframe>\n                  <\/div>\n                <\/div>\n              <\/div>\n              <div class=\"u-over-slide u-shading u-over-slide-9\">\n                <h3 class=\"u-gallery-heading\"><\/h3>\n                <p class=\"u-gallery-text\"><\/p>\n              <\/div>\n            <\/div>\n            <div class=\"u-effect-fade u-gallery-item\">\n              <div class=\"u-back-slide u-video u-video-contain\" data-image-width=\"211\" data-image-height=\"182\">\n                <div class=\"u-background-video u-expanded\" style=\"\">\n                  <div class=\"embed-responsive embed-responsive-10\">\n                    <iframe style=\"position: absolute;top: 0;left: 0;width: 100%;height: 100%;\" class=\"embed-responsive-item lazyload\" frameborder=\"0\" allowfullscreen=\"\" data-src=\"https:\/\/www.youtube-nocookie.com\/embed\/wT-XPHzjJVw?playlist=wT-XPHzjJVw&amp;loop=1&amp;mute=1&amp;showinfo=0&amp;controls=0&amp;start=0&amp;autoplay=1\"><\/iframe>\n                  <\/div>\n                <\/div>\n              <\/div>\n              <div class=\"u-over-slide u-shading u-over-slide-10\">\n                <h3 class=\"u-gallery-heading\"><\/h3>\n                <p class=\"u-gallery-text\"><\/p>\n              <\/div>\n            <\/div>\n            <div class=\"u-effect-fade u-gallery-item\">\n              <div class=\"u-back-slide\" data-image-width=\"211\" data-image-height=\"182\">\n                <img class=\"u-back-image u-expanded lazyload\" data-src=\"https:\/\/sherpaladowarki.pl\/wp-content\/uploads\/2021\/09\/biale7.jpg\">\n              <\/div>\n              <div class=\"u-over-slide u-shading u-over-slide-11\">\n                <h3 class=\"u-gallery-heading\"><\/h3>\n                <p class=\"u-gallery-text\"><\/p>\n              <\/div>\n            <\/div>\n            <div class=\"u-effect-fade u-gallery-item\">\n              <div class=\"u-back-slide\" data-image-width=\"211\" data-image-height=\"182\">\n                <img class=\"u-back-image u-expanded lazyload\" data-src=\"https:\/\/sherpaladowarki.pl\/wp-content\/uploads\/2021\/09\/biale7.jpg\">\n              <\/div>\n              <div class=\"u-over-slide u-shading u-over-slide-12\">\n                <h3 class=\"u-gallery-heading\"><\/h3>\n                <p class=\"u-gallery-text\"><\/p>\n              <\/div>\n            <\/div>\n          <\/div>\n        <\/div>\n      <\/div>\n    <\/section>\n    <section class=\"u-clearfix u-section-6\" id=\"carousel_0c88\">\n      <div class=\"u-clearfix u-sheet u-sheet-1\">\n        <h3 class=\"u-align-center u-text u-text-default u-text-1\">Photo<\/h3>\n        <div class=\"u-expanded-width u-gallery u-layout-grid u-lightbox u-no-transition u-show-text-on-hover u-gallery-1\">\n          <div class=\"u-gallery-inner u-gallery-inner-1\">\n            <div class=\"u-effect-fade u-gallery-item\">\n              <div class=\"u-back-slide\" data-image-width=\"960\" data-image-height=\"720\">\n                <img class=\"u-back-image u-expanded lazyload\" data-src=\"https:\/\/sherpaladowarki.pl\/wp-content\/uploads\/2021\/09\/gardeners_gal1.jpg\">\n              <\/div>\n              <div class=\"u-over-slide u-shading u-over-slide-1\">\n                <h3 class=\"u-gallery-heading\"><\/h3>\n                <p class=\"u-gallery-text\"><\/p>\n              <\/div>\n            <\/div>\n            <div class=\"u-effect-fade u-gallery-item\">\n              <div class=\"u-back-slide\" data-image-width=\"1440\" data-image-height=\"1080\">\n                <img class=\"u-back-image u-expanded lazyload\" data-src=\"https:\/\/sherpaladowarki.pl\/wp-content\/uploads\/2021\/09\/gardeners_gal2.jpg\">\n              <\/div>\n              <div class=\"u-over-slide u-shading u-over-slide-2\">\n                <h3 class=\"u-gallery-heading\"><\/h3>\n                <p class=\"u-gallery-text\"><\/p>\n              <\/div>\n            <\/div>\n            <div class=\"u-effect-fade u-gallery-item\">\n              <div class=\"u-back-slide\" data-image-width=\"1440\" data-image-height=\"1080\">\n                <img class=\"u-back-image u-expanded lazyload\" data-src=\"https:\/\/sherpaladowarki.pl\/wp-content\/uploads\/2021\/09\/gardeners_gal3.jpg\">\n              <\/div>\n              <div class=\"u-over-slide u-shading u-over-slide-3\">\n                <h3 class=\"u-gallery-heading\"><\/h3>\n                <p class=\"u-gallery-text\"><\/p>\n              <\/div>\n            <\/div>\n            <div class=\"u-effect-fade u-gallery-item\">\n              <div class=\"u-back-slide\" data-image-width=\"1440\" data-image-height=\"1080\">\n                <img class=\"u-back-image u-expanded lazyload\" data-src=\"https:\/\/sherpaladowarki.pl\/wp-content\/uploads\/2021\/09\/gardeners_gal4.jpg\">\n              <\/div>\n              <div class=\"u-over-slide u-shading u-over-slide-4\">\n                <h3 class=\"u-gallery-heading\"><\/h3>\n                <p class=\"u-gallery-text\"><\/p>\n              <\/div>\n            <\/div>\n            <div class=\"u-effect-fade u-gallery-item\">\n              <div class=\"u-back-slide\" data-image-width=\"1440\" data-image-height=\"1080\">\n                <img class=\"u-back-image u-expanded lazyload\" data-src=\"https:\/\/sherpaladowarki.pl\/wp-content\/uploads\/2021\/09\/gardeners_gal5.jpg\">\n              <\/div>\n              <div class=\"u-over-slide u-shading u-over-slide-5\">\n                <h3 class=\"u-gallery-heading\"><\/h3>\n                <p class=\"u-gallery-text\"><\/p>\n              <\/div>\n            <\/div>\n            <div class=\"u-effect-fade u-gallery-item\">\n              <div class=\"u-back-slide\" data-image-width=\"1438\" data-image-height=\"1080\">\n                <img class=\"u-back-image u-expanded lazyload\" data-src=\"https:\/\/sherpaladowarki.pl\/wp-content\/uploads\/2021\/09\/gardeners_gal6.jpg\">\n              <\/div>\n              <div class=\"u-over-slide u-shading u-over-slide-6\">\n                <h3 class=\"u-gallery-heading\"><\/h3>\n                <p class=\"u-gallery-text\"><\/p>\n              <\/div>\n            <\/div>\n          <\/div>\n        <\/div>\n      <\/div>\n    <\/section>\n    \n    \n  \n","protected":false},"excerpt":{"rendered":"<p>Ogr\u00f3d Ogrodnik cz\u0119sto pracuje na ma\u0142ych przestrzeniach z ograniczonymi i w\u0105skimi wej\u015bciami. Na podstawie tych informacji firma Hanenberg Equipment opracowa\u0142a maszyn\u0119, kt\u00f3ra doskonale sprawdza si\u0119 w tak ma\u0142ych przestrzeniach Najw\u0119\u017csza konstrukcja SHERPA 100 ma tylko 76 cm szeroko\u015bci i promie\u0144 skr\u0119tu tylko 120 cm. Oznacza to, \u017ce przechodzenie przez otwory drzwiowe i wchodzenie do w\u0105skich &hellip; <a href=\"https:\/\/sherpaladowarki.pl\/index.php\/ogrod-2\/\" class=\"more-link\">Continue reading<span class=\"screen-reader-text\"> &#8222;Ogrod&#8221;<\/span><\/a><\/p>\n","protected":false},"author":1,"featured_media":0,"parent":0,"menu_order":17,"comment_status":"closed","ping_status":"closed","template":"","meta":{"footnotes":""},"class_list":["post-451","page","type-page","status-publish","hentry"],"_links":{"self":[{"href":"https:\/\/sherpaladowarki.pl\/index.php\/wp-json\/wp\/v2\/pages\/451","targetHints":{"allow":["GET"]}}],"collection":[{"href":"https:\/\/sherpaladowarki.pl\/index.php\/wp-json\/wp\/v2\/pages"}],"about":[{"href":"https:\/\/sherpaladowarki.pl\/index.php\/wp-json\/wp\/v2\/types\/page"}],"author":[{"embeddable":true,"href":"https:\/\/sherpaladowarki.pl\/index.php\/wp-json\/wp\/v2\/users\/1"}],"replies":[{"embeddable":true,"href":"https:\/\/sherpaladowarki.pl\/index.php\/wp-json\/wp\/v2\/comments?post=451"}],"version-history":[{"count":2,"href":"https:\/\/sherpaladowarki.pl\/index.php\/wp-json\/wp\/v2\/pages\/451\/revisions"}],"predecessor-version":[{"id":624,"href":"https:\/\/sherpaladowarki.pl\/index.php\/wp-json\/wp\/v2\/pages\/451\/revisions\/624"}],"wp:attachment":[{"href":"https:\/\/sherpaladowarki.pl\/index.php\/wp-json\/wp\/v2\/media?parent=451"}],"curies":[{"name":"wp","href":"https:\/\/api.w.org\/{rel}","templated":true}]}}