{"id":450,"date":"2021-09-12T23:27:43","date_gmt":"2021-09-12T21:27:43","guid":{"rendered":"http:\/\/sherpaladowarki.pl\/index.php\/home\/"},"modified":"2021-09-14T09:57:35","modified_gmt":"2021-09-14T07:57:35","slug":"home","status":"publish","type":"page","link":"https:\/\/sherpaladowarki.pl\/","title":{"rendered":"Home"},"content":{"rendered":"\n    \n    <section id=\"carousel_f31c\" class=\"u-carousel u-slide u-block-03d6-1\" data-u-ride=\"carousel\" data-interval=\"3000\" data-pause=\"false\">\n      <ol class=\"u-absolute-hcenter u-carousel-indicators u-hidden u-block-03d6-2\">\n        <li data-u-target=\"#carousel_f31c\" data-u-slide-to=\"0\" class=\"u-active u-grey-30\"><\/li>\n        <li data-u-target=\"#carousel_f31c\" class=\"u-grey-30\" data-u-slide-to=\"1\"><\/li>\n      <\/ol>\n      <div class=\"u-carousel-inner\" role=\"listbox\">\n        <div class=\"u-active u-align-right u-carousel-item u-clearfix u-image lazyload u-section-2-1\" data-image-width=\"1920\" data-image-height=\"525\" data-bg=\"url(&quot;https:\/\/sherpaladowarki.pl\/wp-content\/uploads\/2021\/09\/home_1.jpg&quot;)\">\n          <div class=\"u-align-left u-clearfix u-sheet u-valign-middle-lg u-valign-middle-md u-valign-middle-xl u-valign-middle-xs u-sheet-1\">\n            <div class=\"u-align-center-lg u-align-center-md u-align-center-xl u-align-left-sm u-align-left-xs u-container-style u-group u-white u-group-1\">\n              <div class=\"u-container-layout u-valign-middle-lg u-valign-middle-md u-valign-middle-sm u-valign-middle-xl u-container-layout-1\">\n                <p class=\"u-align-center-xs u-align-left-lg u-align-left-md u-align-left-xl u-large-text u-text u-text-default-lg u-text-default-md u-text-default-sm u-text-default-xl u-text-palette-1-base u-text-variant u-text-1\">Wyprodukowany w Holandii...<\/p>\n              <\/div>\n            <\/div>\n            <div class=\"u-align-left-sm u-align-left-xs u-align-right-md u-container-style u-group u-palette-5-base u-group-2\">\n              <div class=\"u-container-layout u-valign-middle-lg u-valign-middle-md u-valign-middle-sm u-valign-middle-xl u-container-layout-2\">\n                <h1 class=\"u-align-center-xs u-align-left-lg u-align-left-md u-align-left-xl u-text u-text-default u-title u-text-2\">...dost\u0119pny w Polsce!<\/h1>\n              <\/div>\n            <\/div>\n            <div class=\"u-align-left-sm u-align-left-xs u-container-style u-group u-palette-1-base u-group-3\" data-href=\"https:\/\/sherpaladowarki.pl\/index.php\/modele\/\">\n              <div class=\"u-container-layout u-valign-middle-lg u-valign-middle-md u-valign-middle-sm u-valign-middle-xl u-container-layout-3\">\n                <h2 class=\"u-align-center-xs u-align-left-md u-align-left-sm u-subtitle u-text u-text-default-lg u-text-default-md u-text-default-xl u-text-3\">Zobacz zastosowan\u200bia!<\/h2>\n              <\/div>\n            <\/div>\n          <\/div>\n        <\/div>\n        <div class=\"u-align-right u-carousel-item u-clearfix u-image lazyload u-section-2-2\" data-image-width=\"1920\" data-image-height=\"525\" data-href=\"https:\/\/sherpaladowarki.pl\/index.php\/kontakt\/\" data-bg=\"url(&quot;https:\/\/sherpaladowarki.pl\/wp-content\/uploads\/2021\/09\/home_2.jpg&quot;)\">\n          <div class=\"u-align-left u-clearfix u-sheet u-sheet-1\">\n            <div class=\"u-align-center-lg u-align-center-md u-align-center-xl u-align-left-sm u-align-left-xs u-container-style u-group u-white u-group-1\">\n              <div class=\"u-container-layout u-valign-middle u-container-layout-1\">\n                <p class=\"u-align-left-lg u-align-left-md u-align-left-xl u-align-left-xs u-large-text u-text u-text-default-lg u-text-default-md u-text-default-sm u-text-default-xl u-text-palette-1-base u-text-variant u-text-1\"> Wi\u0119cej informacji?<\/p>\n              <\/div>\n            <\/div>\n            <div class=\"u-align-left-sm u-align-left-xs u-align-right-md u-container-style u-group u-palette-5-base u-group-2\">\n              <div class=\"u-container-layout u-valign-middle u-container-layout-2\">\n                <h1 class=\"u-align-left-lg u-align-left-md u-align-left-xl u-align-left-xs u-text u-title u-text-2\"> Zadzwo\u0144: +48 95 752 57 80<\/h1>\n              <\/div>\n            <\/div>\n            <div class=\"u-align-left-lg u-align-left-md u-align-left-sm u-align-left-xs u-container-style u-group u-palette-1-base u-group-3\" data-href=\"https:\/\/sherpaladowarki.pl\/index.php\/kontakt\/\">\n              <div class=\"u-container-layout u-valign-middle u-container-layout-3\">\n                <h2 class=\"u-align-left u-subtitle u-text u-text-default-lg u-text-default-md u-text-default-xl u-text-3\"> ...lub napisz<\/h2>\n              <\/div>\n            <\/div>\n          <\/div>\n        <\/div>\n      <\/div>\n      <a class=\"u-absolute-vcenter u-carousel-control u-carousel-control-prev u-hidden u-text-grey-30 u-block-03d6-3\" href=\"#carousel_f31c\" role=\"button\" data-u-slide=\"prev\">\n        <span aria-hidden=\"true\">\n          <svg viewBox=\"0 0 477.175 477.175\"><path d=\"M145.188,238.575l215.5-215.5c5.3-5.3,5.3-13.8,0-19.1s-13.8-5.3-19.1,0l-225.1,225.1c-5.3,5.3-5.3,13.8,0,19.1l225.1,225\n                    c2.6,2.6,6.1,4,9.5,4s6.9-1.3,9.5-4c5.3-5.3,5.3-13.8,0-19.1L145.188,238.575z\"><\/path><\/svg>\n        <\/span>\n        <span class=\"sr-only\">Previous<\/span>\n      <\/a>\n      <a class=\"u-absolute-vcenter u-carousel-control u-carousel-control-next u-hidden u-text-grey-30 u-block-03d6-4\" href=\"#carousel_f31c\" role=\"button\" data-u-slide=\"next\">\n        <span aria-hidden=\"true\">\n          <svg viewBox=\"0 0 477.175 477.175\"><path d=\"M360.731,229.075l-225.1-225.1c-5.3-5.3-13.8-5.3-19.1,0s-5.3,13.8,0,19.1l215.5,215.5l-215.5,215.5\n                    c-5.3,5.3-5.3,13.8,0,19.1c2.6,2.6,6.1,4,9.5,4c3.4,0,6.9-1.3,9.5-4l225.1-225.1C365.931,242.875,365.931,234.275,360.731,229.075z\"><\/path><\/svg>\n        <\/span>\n        <span class=\"sr-only\">Next<\/span>\n      <\/a>\n    <\/section>\n    <section class=\"u-clearfix u-section-3\" id=\"sec-27a0\">\n      <div class=\"u-align-left u-clearfix u-sheet u-sheet-1\">\n        <h2 class=\"u-text u-text-default u-text-1\"> produkty marki Sherpa<\/h2>\n        <div class=\"u-expanded-width u-list u-list-1\">\n          <div class=\"u-repeater u-repeater-1\">\n            <div class=\"u-align-center u-container-style u-list-item u-repeater-item\">\n              <div class=\"u-container-layout u-similar-container u-valign-bottom u-container-layout-1\">\n                <img class=\"u-expanded-width-lg u-expanded-width-md u-expanded-width-sm u-expanded-width-xs u-image u-image-contain lazyload u-image-1\" data-image-width=\"211\" data-image-height=\"182\" data-href=\"https:\/\/sherpaladowarki.pl\/index.php\/sherpa100-2speed\/\" title=\"Sherpa100 2SPEED\" data-src=\"https:\/\/sherpaladowarki.pl\/wp-content\/uploads\/2021\/09\/100_2speed.jpg\">\n                <p class=\"u-text u-text-2\">\n                  <a class=\"u-active-none u-border-none u-btn u-button-link u-button-style u-hover-none u-none u-text-palette-1-base u-btn-1\" href=\"https:\/\/sherpaladowarki.pl\/index.php\/sherpa100-2speed\/\"> Sherpa<span class=\"u-text-palette-1-base\">100 2SPEED<\/span>\n                  <\/a>\n                <\/p>\n              <\/div>\n            <\/div>\n            <div class=\"u-align-center u-container-style u-list-item u-repeater-item\">\n              <div class=\"u-container-layout u-similar-container u-valign-bottom u-container-layout-2\">\n                <img class=\"u-expanded-width-lg u-expanded-width-md u-expanded-width-sm u-expanded-width-xs u-image u-image-contain lazyload u-image-2\" data-image-width=\"211\" data-image-height=\"182\" data-href=\"https:\/\/sherpaladowarki.pl\/index.php\/sherpa100-agri\/\" data-src=\"https:\/\/sherpaladowarki.pl\/wp-content\/uploads\/2021\/09\/100_agri.jpg\">\n                <p class=\"u-text u-text-3\">\n                  <a class=\"u-active-none u-border-none u-btn u-button-link u-button-style u-hover-none u-none u-text-palette-1-base u-btn-2\" href=\"https:\/\/sherpaladowarki.pl\/index.php\/sherpa100-agri\/\"> Sherpa<span class=\"u-text-palette-1-base\">100 Agri<\/span>\n                  <\/a>\n                <\/p>\n              <\/div>\n            <\/div>\n            <div class=\"u-align-center u-container-style u-list-item u-repeater-item\">\n              <div class=\"u-container-layout u-similar-container u-valign-bottom u-container-layout-3\">\n                <img class=\"u-expanded-width-lg u-expanded-width-md u-expanded-width-sm u-expanded-width-xs u-image u-image-contain lazyload u-image-3\" data-image-width=\"211\" data-image-height=\"182\" data-href=\"https:\/\/sherpaladowarki.pl\/index.php\/sherpa100-benzyna\/\" data-src=\"https:\/\/sherpaladowarki.pl\/wp-content\/uploads\/2021\/09\/sherpa-100-benzine.jpg\">\n                <p class=\"u-text u-text-4\">\n                  <a class=\"u-active-none u-border-none u-btn u-button-link u-button-style u-hover-none u-none u-text-palette-1-base u-btn-3\" href=\"https:\/\/sherpaladowarki.pl\/index.php\/sherpa100-benzyna\/\"> Sherpa<span class=\"u-text-palette-1-base\">100 Benzine<\/span>\n                  <\/a>\n                <\/p>\n              <\/div>\n            <\/div>\n            <div class=\"u-align-center u-container-style u-list-item u-repeater-item\">\n              <div class=\"u-container-layout u-similar-container u-valign-bottom u-container-layout-4\">\n                <img class=\"u-expanded-width-lg u-expanded-width-md u-expanded-width-sm u-expanded-width-xs u-image u-image-contain lazyload u-image-4\" data-image-width=\"211\" data-image-height=\"182\" data-href=\"https:\/\/sherpaladowarki.pl\/index.php\/sherpa100-diesel\/\" data-src=\"https:\/\/sherpaladowarki.pl\/wp-content\/uploads\/2021\/09\/sherpa-100-diesel.jpg\">\n                <p class=\"u-text u-text-5\">\n                  <a class=\"u-active-none u-border-none u-btn u-button-link u-button-style u-hover-none u-none u-text-palette-1-base u-btn-4\" href=\"https:\/\/sherpaladowarki.pl\/index.php\/sherpa100-diesel\/\"> Sherpa<span class=\"u-text-palette-1-base\">100 Diesel<\/span>\n                  <\/a>\n                <\/p>\n              <\/div>\n            <\/div>\n            <div class=\"u-align-center u-container-style u-list-item u-repeater-item\">\n              <div class=\"u-container-layout u-similar-container u-valign-bottom u-container-layout-5\">\n                <img class=\"u-expanded-width-lg u-expanded-width-md u-expanded-width-sm u-expanded-width-xs u-image u-image-contain lazyload u-image-5\" data-image-width=\"211\" data-image-height=\"182\" data-href=\"https:\/\/sherpaladowarki.pl\/index.php\/sherpa100-eco\/\" data-src=\"https:\/\/sherpaladowarki.pl\/wp-content\/uploads\/2021\/09\/sherpa-100-eco.jpg\">\n                <p class=\"u-text u-text-6\">\n                  <a class=\"u-active-none u-border-none u-btn u-button-link u-button-style u-hover-none u-none u-text-palette-1-base u-btn-5\" href=\"https:\/\/sherpaladowarki.pl\/index.php\/sherpa100-eco\/\"> Sherpa<span class=\"u-text-palette-1-base\">100 ECO<\/span>\n                  <\/a>\n                <\/p>\n              <\/div>\n            <\/div>\n            <div class=\"u-align-center u-container-style u-list-item u-repeater-item\">\n              <div class=\"u-container-layout u-similar-container u-valign-bottom u-container-layout-6\">\n                <img class=\"u-expanded-width-lg u-expanded-width-md u-expanded-width-sm u-expanded-width-xs u-image u-image-contain lazyload u-image-6\" data-image-width=\"211\" data-image-height=\"182\" data-href=\"https:\/\/sherpaladowarki.pl\/index.php\/sherpa100-ehd\/\" data-src=\"https:\/\/sherpaladowarki.pl\/wp-content\/uploads\/2021\/09\/sherpa-100-ehd.jpg\">\n                <p class=\"u-text u-text-7\">\n                  <a class=\"u-active-none u-border-none u-btn u-button-link u-button-style u-hover-none u-none u-text-palette-1-base u-btn-6\" href=\"https:\/\/sherpaladowarki.pl\/index.php\/sherpa100-ehd\/\"> Sherpa<span class=\"u-text-palette-1-base\">100 EHD<\/span>\n                  <\/a>\n                <\/p>\n              <\/div>\n            <\/div>\n            <div class=\"u-align-center u-container-style u-list-item u-repeater-item\">\n              <div class=\"u-container-layout u-similar-container u-valign-bottom u-container-layout-7\">\n                <img class=\"u-expanded-width-lg u-expanded-width-md u-expanded-width-sm u-expanded-width-xs u-image u-image-contain lazyload u-image-7\" data-image-width=\"211\" data-image-height=\"182\" data-href=\"https:\/\/sherpaladowarki.pl\/index.php\/sherpa100-small\/\" data-src=\"https:\/\/sherpaladowarki.pl\/wp-content\/uploads\/2021\/09\/sherpa-100-smal.jpg\">\n                <p class=\"u-text u-text-8\">\n                  <a class=\"u-active-none u-border-none u-btn u-button-link u-button-style u-hover-none u-none u-text-palette-1-base u-btn-7\" href=\"https:\/\/sherpaladowarki.pl\/index.php\/sherpa100-small\/\"> Sherpa<span class=\"u-text-palette-1-base\">100 SmaLl<\/span>\n                  <\/a>\n                <\/p>\n              <\/div>\n            <\/div>\n            <div class=\"u-align-center u-container-style u-list-item u-repeater-item\">\n              <div class=\"u-container-layout u-similar-container u-valign-bottom u-container-layout-8\">\n                <img class=\"u-expanded-width-lg u-expanded-width-md u-expanded-width-sm u-expanded-width-xs u-image u-image-contain lazyload u-image-8\" data-image-width=\"211\" data-image-height=\"182\" data-href=\"https:\/\/sherpaladowarki.pl\/index.php\/sherpa150-2\/\" data-src=\"https:\/\/sherpaladowarki.pl\/wp-content\/uploads\/2021\/09\/sherpa-150.jpg\">\n                <p class=\"u-text u-text-9\">\n                  <a class=\"u-active-none u-border-none u-btn u-button-link u-button-style u-hover-none u-none u-text-palette-1-base u-btn-8\" href=\"https:\/\/sherpaladowarki.pl\/index.php\/sherpa150-2\/\"> Sherpa<span class=\"u-text-palette-1-base\">150<\/span>\n                  <\/a>\n                <\/p>\n              <\/div>\n            <\/div>\n            <div class=\"u-align-center u-container-style u-list-item u-repeater-item\">\n              <div class=\"u-container-layout u-similar-container u-valign-bottom u-container-layout-9\">\n                <img class=\"u-expanded-width-lg u-expanded-width-md u-expanded-width-sm u-expanded-width-xs u-image u-image-contain lazyload u-image-9\" data-image-width=\"211\" data-image-height=\"182\" data-href=\"https:\/\/sherpaladowarki.pl\/index.php\/sherpa200-2\/\" data-src=\"https:\/\/sherpaladowarki.pl\/wp-content\/uploads\/2021\/09\/sherpa-200.jpg\">\n                <p class=\"u-text u-text-10\">\n                  <a class=\"u-active-none u-border-none u-btn u-button-link u-button-style u-hover-none u-none u-text-palette-1-base u-btn-9\" href=\"https:\/\/sherpaladowarki.pl\/index.php\/sherpa200-2\/\"> Sherpa<span class=\"u-text-palette-1-base\">200<\/span>\n                  <\/a>\n                <\/p>\n              <\/div>\n            <\/div>\n            <div class=\"u-align-center u-container-style u-list-item u-repeater-item\">\n              <div class=\"u-container-layout u-similar-container u-valign-bottom u-container-layout-10\">\n                <img class=\"u-expanded-width-lg u-expanded-width-md u-expanded-width-sm u-expanded-width-xs u-image u-image-contain lazyload u-image-10\" data-image-width=\"211\" data-image-height=\"182\" data-href=\"https:\/\/sherpaladowarki.pl\/index.php\/sherpa300-2\/\" data-src=\"https:\/\/sherpaladowarki.pl\/wp-content\/uploads\/2021\/09\/sherpa-300.jpg\">\n                <p class=\"u-text u-text-11\">\n                  <a class=\"u-active-none u-border-none u-btn u-button-link u-button-style u-hover-none u-none u-text-palette-1-base u-btn-10\" href=\"https:\/\/sherpaladowarki.pl\/index.php\/sherpa300-2\/\"> Sherpa<span class=\"u-text-palette-1-base\">300 Plus<\/span>\n                  <\/a>\n                <\/p>\n              <\/div>\n            <\/div>\n            <div class=\"u-align-center u-container-style u-list-item u-repeater-item\">\n              <div class=\"u-container-layout u-similar-container u-valign-bottom u-container-layout-11\">\n                <img class=\"u-expanded-width-lg u-expanded-width-md u-expanded-width-sm u-expanded-width-xs u-image u-image-contain lazyload u-image-11\" data-image-width=\"185\" data-image-height=\"117\" data-href=\"https:\/\/sherpaladowarki.pl\/index.php\/narzedzia-i-dodatki\/\" data-src=\"https:\/\/sherpaladowarki.pl\/wp-content\/uploads\/2021\/09\/aanbouwdeel-thumb.jpg\">\n                <p class=\"u-text u-text-12\">\n                  <a class=\"u-active-none u-border-none u-btn u-button-link u-button-style u-hover-none u-none u-text-palette-1-base u-btn-11\" href=\"https:\/\/sherpaladowarki.pl\/index.php\/narzedzia-i-dodatki\/\"> Narz\u0119dziA <span class=\"u-text-palette-1-base\">i dodatki<\/span>\n                  <\/a>\n                <\/p>\n              <\/div>\n            <\/div>\n            <div class=\"u-align-center u-container-style u-list-item u-repeater-item\">\n              <div class=\"u-container-layout u-similar-container u-valign-bottom u-container-layout-12\">\n                <img class=\"u-expanded-width-lg u-expanded-width-md u-expanded-width-sm u-expanded-width-xs u-image u-image-contain lazyload u-image-12\" data-image-width=\"211\" data-image-height=\"182\" data-href=\"#\" data-src=\"https:\/\/sherpaladowarki.pl\/wp-content\/uploads\/2021\/09\/biale.jpg\">\n              <\/div>\n            <\/div>\n          <\/div>\n        <\/div>\n        <a href=\"https:\/\/sherpaladowarki.pl\/index.php\/modele\/\" class=\"u-border-1 u-border-black u-btn u-button-style u-hover-black u-none u-text-black u-text-hover-white u-btn-12\">Zobacz Wszystkie<\/a>\n      <\/div>\n    <\/section>\n    <section class=\"u-clearfix u-section-4\" id=\"sec-3ade\">\n      <div class=\"u-clearfix u-sheet u-sheet-1\">\n        <h2 class=\"u-text u-text-default u-text-1\">Sherpa w akcji<\/h2>\n        <div class=\"u-expanded-width u-list u-list-1\">\n          <div class=\"u-repeater u-repeater-1\">\n            <div class=\"u-align-center u-container-style u-list-item u-repeater-item\">\n              <div class=\"u-container-layout u-similar-container u-valign-top u-container-layout-1\">\n                <img class=\"u-expanded-width-lg u-expanded-width-md u-expanded-width-sm u-expanded-width-xs u-image u-image-contain u-image-default lazyload u-image-1\" alt=\"\" data-image-width=\"370\" data-image-height=\"240\" data-href=\"https:\/\/sherpaladowarki.pl\/index.php\/konstrukcje-2\/\" data-src=\"https:\/\/sherpaladowarki.pl\/wp-content\/uploads\/2021\/09\/konstrukcje.jpg\">\n                <p class=\"u-text u-text-2\">Konstrukcje<\/p>\n              <\/div>\n            <\/div>\n            <div class=\"u-align-center u-container-style u-list-item u-repeater-item\">\n              <div class=\"u-container-layout u-similar-container u-valign-top u-container-layout-2\">\n                <img class=\"u-expanded-width-lg u-expanded-width-md u-expanded-width-sm u-expanded-width-xs u-image u-image-contain u-image-default lazyload u-image-2\" alt=\"\" data-image-width=\"370\" data-image-height=\"240\" data-href=\"https:\/\/sherpaladowarki.pl\/index.php\/ogrod-2\/\" data-src=\"https:\/\/sherpaladowarki.pl\/wp-content\/uploads\/2021\/09\/ogrod.jpg\">\n                <p class=\"u-text u-text-3\">Ogr\u00f3d<\/p>\n              <\/div>\n            <\/div>\n            <div class=\"u-align-center u-container-style u-list-item u-repeater-item\">\n              <div class=\"u-container-layout u-similar-container u-valign-top u-container-layout-3\">\n                <img class=\"u-expanded-width-lg u-expanded-width-md u-expanded-width-sm u-expanded-width-xs u-image u-image-contain u-image-default lazyload u-image-3\" alt=\"\" data-image-width=\"370\" data-image-height=\"240\" data-href=\"https:\/\/sherpaladowarki.pl\/index.php\/rolnictwo-2\/\" data-src=\"https:\/\/sherpaladowarki.pl\/wp-content\/uploads\/2021\/09\/rolnictwo.jpg\">\n                <p class=\"u-text u-text-4\">Rolnictwo<\/p>\n              <\/div>\n            <\/div>\n            <div class=\"u-align-center u-container-style u-list-item u-repeater-item\">\n              <div class=\"u-container-layout u-similar-container u-valign-top u-container-layout-4\">\n                <img class=\"u-expanded-width-lg u-expanded-width-md u-expanded-width-sm u-expanded-width-xs u-image u-image-contain u-image-default lazyload u-image-4\" alt=\"\" data-image-width=\"370\" data-image-height=\"240\" data-href=\"https:\/\/sherpaladowarki.pl\/index.php\/rozbiorki\/\" data-src=\"https:\/\/sherpaladowarki.pl\/wp-content\/uploads\/2021\/09\/rozbiurko.jpg\">\n                <p class=\"u-text u-text-5\">Rozbi\u00f3rki<\/p>\n              <\/div>\n            <\/div>\n            <div class=\"u-align-center u-container-style u-list-item u-repeater-item\">\n              <div class=\"u-container-layout u-similar-container u-valign-top u-container-layout-5\">\n                <img class=\"u-expanded-width-lg u-expanded-width-md u-expanded-width-sm u-expanded-width-xs u-image u-image-contain u-image-default lazyload u-image-5\" alt=\"\" data-image-width=\"370\" data-image-height=\"240\" data-href=\"https:\/\/sherpaladowarki.pl\/index.php\/budowa-drog\/\" data-src=\"https:\/\/sherpaladowarki.pl\/wp-content\/uploads\/2021\/09\/budowa_drog.jpg\">\n                <p class=\"u-text u-text-6\">Budowa dr\u00f3g<\/p>\n              <\/div>\n            <\/div>\n            <div class=\"u-align-center u-container-style u-list-item u-repeater-item\">\n              <div class=\"u-container-layout u-similar-container u-valign-top u-container-layout-6\">\n                <img class=\"u-expanded-width-lg u-expanded-width-md u-expanded-width-sm u-expanded-width-xs u-image u-image-contain u-image-default lazyload u-image-6\" alt=\"\" data-image-width=\"370\" data-image-height=\"240\" data-href=\"https:\/\/sherpaladowarki.pl\/index.php\/specialne\/\" data-src=\"https:\/\/sherpaladowarki.pl\/wp-content\/uploads\/2021\/09\/specjalne.jpg\">\n                <p class=\"u-text u-text-7\">Specjalne<\/p>\n              <\/div>\n            <\/div>\n          <\/div>\n        <\/div>\n      <\/div>\n    <\/section>\n    \n    \n  \n","protected":false},"excerpt":{"rendered":"<p>Wyprodukowany w Holandii&#8230; &#8230;dost\u0119pny w Polsce! Zobacz zastosowan\u200bia! Wi\u0119cej informacji? Zadzwo\u0144: +48 95 752 57 80 &#8230;lub napisz Previous Next produkty marki Sherpa Sherpa100 2SPEED Sherpa100 Agri Sherpa100 Benzine Sherpa100 Diesel Sherpa100 ECO Sherpa100 EHD Sherpa100 SmaLl Sherpa150 Sherpa200 Sherpa300 Plus Narz\u0119dziA i dodatki Zobacz Wszystkie Sherpa w akcji Konstrukcje Ogr\u00f3d Rolnictwo Rozbi\u00f3rki Budowa dr\u00f3g &hellip; <a href=\"https:\/\/sherpaladowarki.pl\/\" class=\"more-link\">Continue reading<span class=\"screen-reader-text\"> &#8222;Home&#8221;<\/span><\/a><\/p>\n","protected":false},"author":1,"featured_media":0,"parent":0,"menu_order":16,"comment_status":"closed","ping_status":"closed","template":"","meta":{"footnotes":""},"class_list":["post-450","page","type-page","status-publish","hentry"],"_links":{"self":[{"href":"https:\/\/sherpaladowarki.pl\/index.php\/wp-json\/wp\/v2\/pages\/450","targetHints":{"allow":["GET"]}}],"collection":[{"href":"https:\/\/sherpaladowarki.pl\/index.php\/wp-json\/wp\/v2\/pages"}],"about":[{"href":"https:\/\/sherpaladowarki.pl\/index.php\/wp-json\/wp\/v2\/types\/page"}],"author":[{"embeddable":true,"href":"https:\/\/sherpaladowarki.pl\/index.php\/wp-json\/wp\/v2\/users\/1"}],"replies":[{"embeddable":true,"href":"https:\/\/sherpaladowarki.pl\/index.php\/wp-json\/wp\/v2\/comments?post=450"}],"version-history":[{"count":3,"href":"https:\/\/sherpaladowarki.pl\/index.php\/wp-json\/wp\/v2\/pages\/450\/revisions"}],"predecessor-version":[{"id":549,"href":"https:\/\/sherpaladowarki.pl\/index.php\/wp-json\/wp\/v2\/pages\/450\/revisions\/549"}],"wp:attachment":[{"href":"https:\/\/sherpaladowarki.pl\/index.php\/wp-json\/wp\/v2\/media?parent=450"}],"curies":[{"name":"wp","href":"https:\/\/api.w.org\/{rel}","templated":true}]}}