{"id":445,"date":"2021-09-12T23:27:38","date_gmt":"2021-09-12T21:27:38","guid":{"rendered":"http:\/\/sherpaladowarki.pl\/index.php\/modele\/"},"modified":"2021-09-17T13:30:36","modified_gmt":"2021-09-17T11:30:36","slug":"modele","status":"publish","type":"page","link":"https:\/\/sherpaladowarki.pl\/index.php\/modele\/","title":{"rendered":"Modele"},"content":{"rendered":"\n    \n    <section class=\"u-clearfix u-section-2\" id=\"sec-bbdc\">\n      <div class=\"u-clearfix u-sheet u-sheet-1\">\n        <h1 class=\"u-text u-text-default u-text-1\">Modele<\/h1>\n      <\/div>\n    <\/section>\n    <section class=\"u-clearfix u-section-3\" id=\"sec-1ca8\">\n      <div class=\"u-clearfix u-sheet u-sheet-1\">\n        <div class=\"u-clearfix u-expanded-width u-gutter-0 u-layout-wrap u-layout-wrap-1\">\n          <div class=\"u-layout\" style=\"\">\n            <div class=\"u-layout-row\" style=\"\">\n              <div class=\"u-align-center u-container-style u-image u-image-contain u-layout-cell u-right-cell u-size-23-lg u-size-23-md u-size-23-sm u-size-23-xs u-size-30-xl u-size-xs-60 lazyload u-image-1\" src=\"\" data-image-width=\"550\" data-image-height=\"483\" data-bg=\"url(&quot;https:\/\/sherpaladowarki.pl\/wp-content\/uploads\/2021\/09\/sherpa100_2SPEED.jpg&quot;)\">\n                <div class=\"u-container-layout u-valign-middle u-container-layout-1\" src=\"\"><\/div>\n              <\/div>\n              <div class=\"u-container-style u-layout-cell u-left-cell u-size-30-xl u-size-37-lg u-size-37-md u-size-37-sm u-size-37-xs u-size-xs-60 u-white u-layout-cell-2\" src=\"\">\n                <div class=\"u-container-layout u-valign-top u-container-layout-2\">\n                  <h2 class=\"u-align-left u-text u-text-default u-text-1\"> Sherpa<span class=\"u-text-palette-1-base\">100 2SPEED<\/span>\n                  <\/h2>\n                  <p class=\"u-align-justify u-text u-text-2\"> Nasza SHERPA 100 2Speed \u200b\u200bto godny nast\u0119pca SHERPA 100 ECO. Po tym, jak SHERPA 100 ECO wywr\u00f3ci\u0142a \u015bwiat budowy i rozbi\u00f3rki do g\u00f3ry nogami, przeanalizowali\u015bmy istniej\u0105c\u0105 koncepcj\u0119 i uwzgl\u0119dnili\u015bmy \u017cyczenia u\u017cytkownik\u00f3w w 2Speed. Jak sama nazwa wskazuje, ta maszyna ma 2 prze\u0142o\u017cenia skrzyni bieg\u00f3w. Wolne z wi\u0119ksz\u0105 moc\u0105; do manewrowania i pracy oraz drugi bieg do pokonywania d\u0142u\u017cszych dystans\u00f3w z wi\u0119ksz\u0105 pr\u0119dko\u015bci\u0105. Dzi\u0119ki pomys\u0142owej konstrukcji z 2 pompami hydraulicznymi, kt\u00f3rych w\u0142\u0105cznik mo\u017cna obs\u0142ugiwa\u0107 podczas jazdy, praca z t\u0105 maszyn\u0105 to prawdziwa przyjemno\u015b\u0107. Podobnie jak w przypadku SHERPA 100 ECO, 6-godzinna praca pozostaje standardem. SHERPA 100 2Speed \u200b\u200bjest standardowo wyposa\u017cona w 5-calowe w pe\u0142ni gumowe ko\u0142a.<\/p>\n                  <a href=\"https:\/\/sherpaladowarki.pl\/index.php\/sherpa100-2speed\/\" class=\"u-align-left u-btn u-button-style u-hover-palette-1-dark-1 u-palette-1-base u-btn-1\">Wi\u0119cej...<\/a>\n                <\/div>\n              <\/div>\n            <\/div>\n          <\/div>\n        <\/div>\n      <\/div>\n    <\/section>\n    <section class=\"u-clearfix u-section-4\" id=\"carousel_4ba1\">\n      <div class=\"u-clearfix u-sheet u-sheet-1\">\n        <div class=\"u-clearfix u-expanded-width u-gutter-0 u-layout-wrap u-layout-wrap-1\">\n          <div class=\"u-layout\" style=\"\">\n            <div class=\"u-layout-row\" style=\"\">\n              <div class=\"u-container-style u-layout-cell u-left-cell u-size-30-xl u-size-37-lg u-size-37-md u-size-37-sm u-size-37-xs u-size-xs-60 u-white u-layout-cell-1\" src=\"\">\n                <div class=\"u-container-layout u-valign-top u-container-layout-1\">\n                  <h2 class=\"u-align-left u-text u-text-default u-text-1\"> Sherpa<span class=\"u-text-palette-1-base\">100 Agri<\/span>\n                  <\/h2>\n                  <p class=\"u-align-justify u-text u-text-2\"> SHERPA 100 Agri-Line zosta\u0142a opracowana z my\u015bl\u0105 o sektorze rolniczym. Ta wszechstronna kompaktowa maszyna jest niezwykle zwrotna i mo\u017ce by\u0107 u\u017cywana do r\u00f3\u017cnych zada\u0144. Szk\u00f3\u0142ki je\u017adzieckie, obory i hodowcy kurcz\u0105t mog\u0105 u\u017cywa\u0107 tej wielofunkcyjnej maszyny do wielu r\u00f3\u017cnych prac, takich jak czyszczenie stajni i dostarczanie s\u0142omy lub paszy.<\/p>\n                  <a href=\"https:\/\/sherpaladowarki.pl\/index.php\/sherpa100-agri\/\" class=\"u-align-left u-btn u-button-style u-hover-palette-1-dark-1 u-palette-1-base u-btn-1\">Wi\u0119cej...<\/a>\n                <\/div>\n              <\/div>\n              <div class=\"u-align-center u-container-style u-image u-image-contain u-layout-cell u-right-cell u-size-23-lg u-size-23-md u-size-23-sm u-size-23-xs u-size-30-xl u-size-xs-60 lazyload u-image-1\" src=\"\" data-image-width=\"550\" data-image-height=\"470\" data-bg=\"url(&quot;https:\/\/sherpaladowarki.pl\/wp-content\/uploads\/2021\/09\/sherpa100_agri.jpg&quot;)\">\n                <div class=\"u-container-layout u-valign-middle u-container-layout-2\" src=\"\"><\/div>\n              <\/div>\n            <\/div>\n          <\/div>\n        <\/div>\n      <\/div>\n    <\/section>\n    <section class=\"u-clearfix u-section-5\" id=\"carousel_be6f\">\n      <div class=\"u-clearfix u-sheet u-sheet-1\">\n        <div class=\"u-clearfix u-expanded-width u-gutter-0 u-layout-wrap u-layout-wrap-1\">\n          <div class=\"u-layout\" style=\"\">\n            <div class=\"u-layout-row\" style=\"\">\n              <div class=\"u-align-center u-container-style u-image u-image-contain u-layout-cell u-right-cell u-size-23-lg u-size-23-md u-size-23-sm u-size-23-xs u-size-30-xl u-size-xs-60 lazyload u-image-1\" src=\"\" data-image-width=\"550\" data-image-height=\"465\" data-bg=\"url(&quot;https:\/\/sherpaladowarki.pl\/wp-content\/uploads\/2021\/09\/sherpa-100-benzine1.jpg&quot;)\">\n                <div class=\"u-container-layout u-valign-middle u-container-layout-1\" src=\"\"><\/div>\n              <\/div>\n              <div class=\"u-container-style u-layout-cell u-left-cell u-size-30-xl u-size-37-lg u-size-37-md u-size-37-sm u-size-37-xs u-size-xs-60 u-white u-layout-cell-2\" src=\"\">\n                <div class=\"u-container-layout u-valign-top u-container-layout-2\">\n                  <h2 class=\"u-align-left u-text u-text-default u-text-1\"> Sherpa<span class=\"u-text-palette-1-base\">100 Benzine<\/span>\n                  <\/h2>\n                  <p class=\"u-align-justify u-text u-text-2\"> Ta wersja \u0142adowarki SHERPA 100 wyr\u00f3\u017cnia si\u0119! Ta maszyna jest standardowo wyposa\u017cona w silnik benzynowy Honda GX630 o mocy 21 KM. Komponenty zastosowane w tej mini \u0142adowarce cechuje wysoka jako\u015b\u0107 co zapewnia lepsz\u0105 wydajno\u015b\u0107 podczas pracy. <\/p>\n                  <a href=\"https:\/\/sherpaladowarki.pl\/index.php\/sherpa100-benzyna\/\" class=\"u-align-left u-btn u-button-style u-hover-palette-1-dark-1 u-palette-1-base u-btn-1\">Wi\u0119cej...<\/a>\n                <\/div>\n              <\/div>\n            <\/div>\n          <\/div>\n        <\/div>\n      <\/div>\n    <\/section>\n    <section class=\"u-clearfix u-section-6\" id=\"carousel_5ff2\">\n      <div class=\"u-clearfix u-sheet u-sheet-1\">\n        <div class=\"u-clearfix u-expanded-width u-gutter-0 u-layout-wrap u-layout-wrap-1\">\n          <div class=\"u-layout\" style=\"\">\n            <div class=\"u-layout-row\" style=\"\">\n              <div class=\"u-container-style u-layout-cell u-left-cell u-size-30-xl u-size-37-lg u-size-37-md u-size-37-sm u-size-37-xs u-size-xs-60 u-white u-layout-cell-1\" src=\"\">\n                <div class=\"u-container-layout u-valign-top u-container-layout-1\">\n                  <h2 class=\"u-align-left u-text u-text-default u-text-1\"> Sherpa<span class=\"u-text-palette-1-base\">100 Diesel<\/span>\n                  <\/h2>\n                  <p class=\"u-align-justify u-text u-text-2\">Mini\u0142adowarka SHERPA 100 Diesel to kompaktowa maszyna do rob\u00f3t ziemnych i mobilny agregat hydrauliczny. Zastosowanie hydrauliki do poruszania si\u0119, podnoszenia i wielu innych funkcji sprawia, \u017ce \u200b\u200bjest to bardzo wszechstronna i zwrotna maszyna, kt\u00f3ra jest \u0142atwa w obs\u0142udze i konserwacji.&nbsp;<br>\n                  <\/p>\n                  <a href=\"https:\/\/sherpaladowarki.pl\/index.php\/sherpa100-diesel\/\" class=\"u-align-left u-btn u-button-style u-hover-palette-1-dark-1 u-palette-1-base u-btn-1\">Wi\u0119cej...<\/a>\n                <\/div>\n              <\/div>\n              <div class=\"u-align-center u-container-style u-image u-image-contain u-layout-cell u-right-cell u-size-23-lg u-size-23-md u-size-23-sm u-size-23-xs u-size-30-xl u-size-xs-60 lazyload u-image-1\" src=\"\" data-image-width=\"550\" data-image-height=\"455\" data-bg=\"url(&quot;https:\/\/sherpaladowarki.pl\/wp-content\/uploads\/2021\/09\/sherpa-100-diesel1.jpg&quot;)\">\n                <div class=\"u-container-layout u-valign-middle u-container-layout-2\" src=\"\"><\/div>\n              <\/div>\n            <\/div>\n          <\/div>\n        <\/div>\n      <\/div>\n    <\/section>\n    <section class=\"u-clearfix u-section-7\" id=\"carousel_ac1a\">\n      <div class=\"u-clearfix u-sheet u-sheet-1\">\n        <div class=\"u-clearfix u-expanded-width u-gutter-0 u-layout-wrap u-layout-wrap-1\">\n          <div class=\"u-layout\" style=\"\">\n            <div class=\"u-layout-row\" style=\"\">\n              <div class=\"u-align-center u-container-style u-image u-image-contain u-layout-cell u-right-cell u-size-23-lg u-size-23-md u-size-23-sm u-size-23-xs u-size-30-xl u-size-xs-60 lazyload u-image-1\" src=\"\" data-image-width=\"550\" data-image-height=\"472\" data-bg=\"url(&quot;https:\/\/sherpaladowarki.pl\/wp-content\/uploads\/2021\/09\/sherpa-100-eco1.jpg&quot;)\">\n                <div class=\"u-container-layout u-valign-middle u-container-layout-1\" src=\"\"><\/div>\n              <\/div>\n              <div class=\"u-container-style u-layout-cell u-left-cell u-size-30-xl u-size-37-lg u-size-37-md u-size-37-sm u-size-37-xs u-size-xs-60 u-white u-layout-cell-2\" src=\"\">\n                <div class=\"u-container-layout u-valign-top u-container-layout-2\">\n                  <h2 class=\"u-align-left u-text u-text-default u-text-1\"> Sherpa<span class=\"u-text-palette-1-base\">100 ECO<\/span>\n                  <\/h2>\n                  <p class=\"u-align-justify u-text u-text-2\"> Hanenberg Materieel Ltd. by\u0142a pierwszym producentem, kt\u00f3ry wprowadzi\u0142 elektryczn\u0105 mini\u0142adowark\u0119: SHERPA 100 ECO. SHERPA 100 ECO jest tak samo wydajna jak model z silnikiem spalinowym i nadaje si\u0119 szczeg\u00f3lnie do prac wyburzeniowych w pomieszczeniach oraz do pracy w stajniach.<\/p>\n                  <a href=\"https:\/\/sherpaladowarki.pl\/index.php\/sherpa100-eco\/\" class=\"u-align-left u-btn u-button-style u-hover-palette-1-dark-1 u-palette-1-base u-btn-1\">Wi\u0119cej...<\/a>\n                <\/div>\n              <\/div>\n            <\/div>\n          <\/div>\n        <\/div>\n      <\/div>\n    <\/section>\n    <section class=\"u-clearfix u-section-8\" id=\"carousel_3074\">\n      <div class=\"u-clearfix u-sheet u-sheet-1\">\n        <div class=\"u-clearfix u-expanded-width u-gutter-0 u-layout-wrap u-layout-wrap-1\">\n          <div class=\"u-layout\" style=\"\">\n            <div class=\"u-layout-row\" style=\"\">\n              <div class=\"u-container-style u-layout-cell u-left-cell u-size-30-xl u-size-37-lg u-size-37-md u-size-37-sm u-size-37-xs u-size-xs-60 u-white u-layout-cell-1\" src=\"\">\n                <div class=\"u-container-layout u-valign-top u-container-layout-1\">\n                  <h2 class=\"u-align-left u-text u-text-default u-text-1\"> Sherpa<span class=\"u-text-palette-1-base\">100 EHD<\/span>\n                  <\/h2>\n                  <p class=\"u-align-justify u-text u-text-2\"> SHERPA 100 EHD posiada wszystkie cechy, kt\u00f3re sprawiaj\u0105, \u017ce SHERPA 100 ECO jest tak wyj\u0105tkowa. Opr\u00f3cz rewolucyjnego silnika elektrycznego, SHERPA 100 EHD oferuje sterowanie radiowe. Umo\u017cliwia to prace w trudno dost\u0119pnych miejscach zapewniaj\u0105c bezpiecze\u0144stwo profesjonalistom. Sterowanie radiowe mo\u017cna r\u00f3wnie\u017c pod\u0142\u0105czy\u0107 bezpo\u015brednio do SHERPA 100 EHD, co pozwala na prac\u0119 w taki sam spos\u00f3b, jak \u201enormalna\u201d mini\u0142adowarka SHERPA 100.<br>\n                  <\/p>\n                  <a href=\"https:\/\/sherpaladowarki.pl\/index.php\/sherpa100-ehd\/\" class=\"u-align-left u-btn u-button-style u-hover-palette-1-dark-1 u-palette-1-base u-btn-1\">Wi\u0119cej...<\/a>\n                <\/div>\n              <\/div>\n              <div class=\"u-align-center u-container-style u-image u-image-contain u-layout-cell u-right-cell u-size-23-lg u-size-23-md u-size-23-sm u-size-23-xs u-size-30-xl u-size-xs-60 lazyload u-image-1\" src=\"\" data-image-width=\"550\" data-image-height=\"554\" data-bg=\"url(&quot;https:\/\/sherpaladowarki.pl\/wp-content\/uploads\/2021\/09\/sherpa-100-ehd1.jpg&quot;)\">\n                <div class=\"u-container-layout u-valign-middle u-container-layout-2\" src=\"\"><\/div>\n              <\/div>\n            <\/div>\n          <\/div>\n        <\/div>\n      <\/div>\n    <\/section>\n    <section class=\"u-clearfix u-section-9\" id=\"carousel_cbf3\">\n      <div class=\"u-clearfix u-sheet u-sheet-1\">\n        <div class=\"u-clearfix u-expanded-width u-gutter-0 u-layout-wrap u-layout-wrap-1\">\n          <div class=\"u-layout\" style=\"\">\n            <div class=\"u-layout-row\" style=\"\">\n              <div class=\"u-align-center u-container-style u-image u-image-contain u-layout-cell u-right-cell u-size-23-lg u-size-23-md u-size-23-sm u-size-23-xs u-size-30-xl u-size-xs-60 lazyload u-image-1\" src=\"\" data-image-width=\"550\" data-image-height=\"490\" data-bg=\"url(&quot;https:\/\/sherpaladowarki.pl\/wp-content\/uploads\/2021\/09\/sherpa-100-smal1.jpg&quot;)\">\n                <div class=\"u-container-layout u-valign-middle u-container-layout-1\" src=\"\"><\/div>\n              <\/div>\n              <div class=\"u-container-style u-layout-cell u-left-cell u-size-30-xl u-size-37-lg u-size-37-md u-size-37-sm u-size-37-xs u-size-xs-60 u-white u-layout-cell-2\" src=\"\">\n                <div class=\"u-container-layout u-valign-top u-container-layout-2\">\n                  <h2 class=\"u-align-left u-text u-text-default u-text-1\"> Sherpa<span class=\"u-text-palette-1-base\">100 SmaLl<\/span>\n                  <\/h2>\n                  <p class=\"u-align-justify u-text u-text-2\"> Kompaktowa mini\u0142adowarka SHERPA 100 Small dzia\u0142a w ciasnych miejscach w kt\u00f3rych zwykle trzeba pracowa\u0107 r\u0119cznie.  Teraz mo\u017cesz naprawd\u0119 odci\u0105\u017cy\u0107 plecy i pozwoli\u0107 mini\u0142adowarce SHERPA 100 wykona\u0107 ci\u0119\u017ck\u0105 prac\u0119 za Ciebie.<\/p>\n                  <a href=\"https:\/\/sherpaladowarki.pl\/index.php\/sherpa100-small\/\" class=\"u-align-left u-btn u-button-style u-hover-palette-1-dark-1 u-palette-1-base u-btn-1\">Wi\u0119cej...<\/a>\n                <\/div>\n              <\/div>\n            <\/div>\n          <\/div>\n        <\/div>\n      <\/div>\n    <\/section>\n    <section class=\"u-clearfix u-section-10\" id=\"carousel_a343\">\n      <div class=\"u-clearfix u-sheet u-sheet-1\">\n        <div class=\"u-clearfix u-expanded-width u-gutter-0 u-layout-wrap u-layout-wrap-1\">\n          <div class=\"u-layout\" style=\"\">\n            <div class=\"u-layout-row\" style=\"\">\n              <div class=\"u-container-style u-layout-cell u-left-cell u-size-30-xl u-size-37-lg u-size-37-md u-size-37-sm u-size-37-xs u-size-xs-60 u-white u-layout-cell-1\" src=\"\">\n                <div class=\"u-container-layout u-valign-top u-container-layout-1\">\n                  <h2 class=\"u-align-left u-text u-text-default u-text-1\"> Sherpa<span class=\"u-text-palette-1-base\">150<\/span>\n                  <\/h2>\n                  <p class=\"u-align-justify u-text u-text-2\"> SHERPA 150 to najmniejsza profesjonalna mini\u0142adowarka z miejscem siedz\u0105cym dla operatora na rynku. Jej ma\u0142a szeroko\u015b\u0107 wynosz\u0105ca zaledwie 76 cm sprawia, \u017ce \u200bmodel ten jest idealnym narz\u0119dziem dla ogrodnik\u00f3w, kt\u00f3rzy cz\u0119sto musz\u0105 transportowa\u0107 materia\u0142 przez bardzo w\u0105skie bramy. Szerokie opony zapewniaj\u0105 dodatkow\u0105 stabilno\u015b\u0107 i przyczepno\u015b\u0107, a jednocze\u015bnie \u0142atwo je\u017cd\u017c\u0105 po pod\u0142o\u017cu.<br>\n                  <\/p>\n                  <a href=\"https:\/\/sherpaladowarki.pl\/index.php\/sherpa150-2\/\" class=\"u-align-left u-btn u-button-style u-hover-palette-1-dark-1 u-palette-1-base u-btn-1\">Wi\u0119cej...<\/a>\n                <\/div>\n              <\/div>\n              <div class=\"u-align-center u-container-style u-image u-image-contain u-layout-cell u-right-cell u-size-23-lg u-size-23-md u-size-23-sm u-size-23-xs u-size-30-xl u-size-xs-60 lazyload u-image-1\" src=\"\" data-image-width=\"550\" data-image-height=\"590\" data-bg=\"url(&quot;https:\/\/sherpaladowarki.pl\/wp-content\/uploads\/2021\/09\/sherpa-1501.jpg&quot;)\">\n                <div class=\"u-container-layout u-valign-middle u-container-layout-2\" src=\"\"><\/div>\n              <\/div>\n            <\/div>\n          <\/div>\n        <\/div>\n      <\/div>\n    <\/section>\n    <section class=\"u-clearfix u-section-11\" id=\"carousel_53b7\">\n      <div class=\"u-clearfix u-sheet u-sheet-1\">\n        <div class=\"u-clearfix u-expanded-width u-gutter-0 u-layout-wrap u-layout-wrap-1\">\n          <div class=\"u-layout\" style=\"\">\n            <div class=\"u-layout-row\" style=\"\">\n              <div class=\"u-align-center u-container-style u-image u-image-contain u-layout-cell u-right-cell u-size-23-lg u-size-23-md u-size-23-sm u-size-23-xs u-size-30-xl u-size-xs-60 lazyload u-image-1\" src=\"\" data-image-width=\"550\" data-image-height=\"534\" data-bg=\"url(&quot;https:\/\/sherpaladowarki.pl\/wp-content\/uploads\/2021\/09\/sherpa-2001.jpg&quot;)\">\n                <div class=\"u-container-layout u-valign-middle u-container-layout-1\" src=\"\"><\/div>\n              <\/div>\n              <div class=\"u-container-style u-layout-cell u-left-cell u-size-30-xl u-size-37-lg u-size-37-md u-size-37-sm u-size-37-xs u-size-xs-60 u-white u-layout-cell-2\" src=\"\">\n                <div class=\"u-container-layout u-valign-top u-container-layout-2\">\n                  <h2 class=\"u-align-left u-text u-text-default u-text-1\"> Sherpa<span class=\"u-text-palette-1-base\">200<\/span>\n                  <\/h2>\n                  <p class=\"u-align-justify u-text u-text-2\"> Podobnie jak wszystkie nasze inne maszyny, mini\u0142adowarka SHERPA 200 jest wykonana z wysokiej jako\u015bci cz\u0119\u015bci. Ta dba\u0142o\u015b\u0107 o jako\u015b\u0107 zwi\u0119ksza niezawodno\u015b\u0107 i \u017cywotno\u015b\u0107 \u0142adowarek przegubowych. SHERPA 200 to wszechstronna maszyna, kt\u00f3ra doskonale nadaje si\u0119 do wszelkiego rodzaju zastosowa\u0144 w ka\u017cdym terenie. Ten konkretny model znajduje zastosowanie w budownictwie drogowym, do monta\u017cu ogrodze\u0144, a tak\u017ce w gospodarstwach rolnych i stadninach.<br>\n                  <\/p>\n                  <a href=\"https:\/\/sherpaladowarki.pl\/index.php\/sherpa200-2\/\" class=\"u-align-left u-btn u-button-style u-hover-palette-1-dark-1 u-palette-1-base u-btn-1\">Wi\u0119cej...<\/a>\n                <\/div>\n              <\/div>\n            <\/div>\n          <\/div>\n        <\/div>\n      <\/div>\n    <\/section>\n    <section class=\"u-clearfix u-section-12\" id=\"carousel_d4a2\">\n      <div class=\"u-clearfix u-sheet u-sheet-1\">\n        <div class=\"u-clearfix u-expanded-width u-gutter-0 u-layout-wrap u-layout-wrap-1\">\n          <div class=\"u-layout\" style=\"\">\n            <div class=\"u-layout-row\" style=\"\">\n              <div class=\"u-container-style u-layout-cell u-left-cell u-size-30-xl u-size-37-lg u-size-37-md u-size-37-sm u-size-37-xs u-size-xs-60 u-white u-layout-cell-1\" src=\"\">\n                <div class=\"u-container-layout u-valign-top u-container-layout-1\">\n                  <h2 class=\"u-align-left u-text u-text-default u-text-1\"> Sherpa<span class=\"u-text-palette-1-base\">300 Plus<\/span>\n                  <\/h2>\n                  <p class=\"u-align-justify u-text u-text-2\"> SHERPA 300 to mocna i stabilna maszyna wielofunkcyjna!<br>\n                  <\/p>\n                  <a href=\"https:\/\/sherpaladowarki.pl\/index.php\/sherpa300-2\/\" class=\"u-align-left u-btn u-button-style u-hover-palette-1-dark-1 u-palette-1-base u-btn-1\">Wi\u0119cej...<\/a>\n                <\/div>\n              <\/div>\n              <div class=\"u-align-center u-container-style u-image u-image-contain u-layout-cell u-right-cell u-size-23-lg u-size-23-md u-size-23-sm u-size-23-xs u-size-30-xl u-size-xs-60 lazyload u-image-1\" src=\"\" data-image-width=\"550\" data-image-height=\"492\" data-bg=\"url(&quot;https:\/\/sherpaladowarki.pl\/wp-content\/uploads\/2021\/09\/sherpa-3001.jpg&quot;)\">\n                <div class=\"u-container-layout u-valign-middle u-container-layout-2\" src=\"\"><\/div>\n              <\/div>\n            <\/div>\n          <\/div>\n        <\/div>\n      <\/div>\n    <\/section>\n    <section class=\"u-clearfix u-section-13\" id=\"carousel_67e8\">\n      <div class=\"u-clearfix u-sheet u-sheet-1\">\n        <div class=\"u-clearfix u-expanded-width u-gutter-0 u-layout-wrap u-layout-wrap-1\">\n          <div class=\"u-layout\" style=\"\">\n            <div class=\"u-layout-row\" style=\"\">\n              <div class=\"u-align-center u-container-style u-image u-image-contain u-layout-cell u-right-cell u-size-23-lg u-size-23-md u-size-23-sm u-size-23-xs u-size-30-xl u-size-xs-60 lazyload u-image-1\" src=\"\" data-image-width=\"437\" data-image-height=\"464\" data-bg=\"url(&quot;https:\/\/sherpaladowarki.pl\/wp-content\/uploads\/2021\/09\/aanbouwdeel-thumb-groot.jpg&quot;)\">\n                <div class=\"u-container-layout u-valign-middle u-container-layout-1\" src=\"\"><\/div>\n              <\/div>\n              <div class=\"u-container-style u-layout-cell u-left-cell u-size-30-xl u-size-37-lg u-size-37-md u-size-37-sm u-size-37-xs u-size-xs-60 u-white u-layout-cell-2\" src=\"\">\n                <div class=\"u-container-layout u-valign-top u-container-layout-2\">\n                  <h2 class=\"u-align-left u-text u-text-default u-text-palette-1-base u-text-1\">Dodatki<\/h2>\n                  <p class=\"u-align-justify u-text u-text-2\"> Do prawie ka\u017cdej maszyny i zadania SHERPA oferuje szerok\u0105 gam\u0119 osprz\u0119tu. Kliknij \u201eWI\u0118CEJ...\u201d, aby uzyska\u0107 pe\u0142ny przegl\u0105d.<\/p>\n                  <a href=\"https:\/\/sherpaladowarki.pl\/index.php\/narzedzia-i-dodatki\/\" class=\"u-align-left u-btn u-button-style u-hover-palette-1-dark-1 u-palette-1-base u-btn-1\">Wi\u0119cej...<\/a>\n                <\/div>\n              <\/div>\n            <\/div>\n          <\/div>\n        <\/div>\n      <\/div>\n    <\/section>\n    \n    \n  \n","protected":false},"excerpt":{"rendered":"<p>Modele Sherpa100 2SPEED Nasza SHERPA 100 2Speed \u200b\u200bto godny nast\u0119pca SHERPA 100 ECO. Po tym, jak SHERPA 100 ECO wywr\u00f3ci\u0142a \u015bwiat budowy i rozbi\u00f3rki do g\u00f3ry nogami, przeanalizowali\u015bmy istniej\u0105c\u0105 koncepcj\u0119 i uwzgl\u0119dnili\u015bmy \u017cyczenia u\u017cytkownik\u00f3w w 2Speed. Jak sama nazwa wskazuje, ta maszyna ma 2 prze\u0142o\u017cenia skrzyni bieg\u00f3w. Wolne z wi\u0119ksz\u0105 moc\u0105; do manewrowania i pracy &hellip; <a href=\"https:\/\/sherpaladowarki.pl\/index.php\/modele\/\" class=\"more-link\">Continue reading<span class=\"screen-reader-text\"> &#8222;Modele&#8221;<\/span><\/a><\/p>\n","protected":false},"author":1,"featured_media":0,"parent":0,"menu_order":11,"comment_status":"closed","ping_status":"closed","template":"","meta":{"footnotes":""},"class_list":["post-445","page","type-page","status-publish","hentry"],"_links":{"self":[{"href":"https:\/\/sherpaladowarki.pl\/index.php\/wp-json\/wp\/v2\/pages\/445","targetHints":{"allow":["GET"]}}],"collection":[{"href":"https:\/\/sherpaladowarki.pl\/index.php\/wp-json\/wp\/v2\/pages"}],"about":[{"href":"https:\/\/sherpaladowarki.pl\/index.php\/wp-json\/wp\/v2\/types\/page"}],"author":[{"embeddable":true,"href":"https:\/\/sherpaladowarki.pl\/index.php\/wp-json\/wp\/v2\/users\/1"}],"replies":[{"embeddable":true,"href":"https:\/\/sherpaladowarki.pl\/index.php\/wp-json\/wp\/v2\/comments?post=445"}],"version-history":[{"count":4,"href":"https:\/\/sherpaladowarki.pl\/index.php\/wp-json\/wp\/v2\/pages\/445\/revisions"}],"predecessor-version":[{"id":552,"href":"https:\/\/sherpaladowarki.pl\/index.php\/wp-json\/wp\/v2\/pages\/445\/revisions\/552"}],"wp:attachment":[{"href":"https:\/\/sherpaladowarki.pl\/index.php\/wp-json\/wp\/v2\/media?parent=445"}],"curies":[{"name":"wp","href":"https:\/\/api.w.org\/{rel}","templated":true}]}}