{"id":444,"date":"2021-09-12T23:27:37","date_gmt":"2021-09-12T21:27:37","guid":{"rendered":"http:\/\/sherpaladowarki.pl\/index.php\/czesci-do-skidstera\/"},"modified":"2021-09-17T14:23:56","modified_gmt":"2021-09-17T12:23:56","slug":"czesci-do-skidstera","status":"publish","type":"page","link":"https:\/\/sherpaladowarki.pl\/index.php\/czesci-do-skidstera\/","title":{"rendered":"Czesci do Skidstera"},"content":{"rendered":"\n    \n    <section class=\"u-clearfix u-section-2\" id=\"sec-453f\">\n      <div class=\"u-clearfix u-sheet u-sheet-1\">\n        <h1 class=\"u-text u-text-default u-text-1\"> Cz\u0119\u015bci do Skidstera<\/h1>\n      <\/div>\n    <\/section>\n    <section class=\"u-clearfix u-section-3\" id=\"sec-6197\">\n      <div class=\"u-clearfix u-sheet u-valign-middle-xs u-sheet-1\">\n        <div class=\"u-clearfix u-expanded-width u-gutter-0 u-layout-wrap u-layout-wrap-1\">\n          <div class=\"u-layout\" style=\"\">\n            <div class=\"u-layout-row\" style=\"\">\n              <div class=\"u-container-style u-layout-cell u-left-cell u-size-30-xl u-size-37-lg u-size-37-md u-size-37-sm u-size-37-xs u-size-xs-60 u-white u-layout-cell-1\" src=\"\">\n                <div class=\"u-container-layout u-valign-bottom u-container-layout-1\">\n                  <p class=\"u-align-left u-text u-text-palette-1-base u-text-1\"> Rozgl\u0105dasz si\u0119 za cz\u0119\u015bciami do mini\u0142adowarki Skidster?<\/p>\n                  <p class=\"u-align-justify u-text u-text-2\"> Szukasz cz\u0119\u015bci do mini\u0142adowarki Skidster? Ch\u0119tnie pomo\u017cemy! Skidster jest poprzednikiem mini\u0142adowarek SHERPA, co oznacza, \u017ce \u200b\u200bwiemy wszystko o konserwacji i naprawach tych maszyn. Ponadto <br> mo\u017cemy powiedzie\u0107 \u017ce mamy wszystkie odpowiednie cz\u0119\u015bci do Twojego Skidstera, poniewa\u017c kiedy\u015b importowali\u015bmy te maszyny.<br>\n                  <\/p>\n                <\/div>\n              <\/div>\n              <div class=\"u-align-center u-container-style u-image u-image-contain u-layout-cell u-right-cell u-size-23-lg u-size-23-md u-size-23-sm u-size-23-xs u-size-30-xl u-size-xs-60 lazyload u-image-1\" src=\"\" data-image-width=\"1000\" data-image-height=\"667\" data-bg=\"url(&quot;https:\/\/sherpaladowarki.pl\/wp-content\/uploads\/2021\/09\/skidsterspartts.jpg&quot;)\">\n                <div class=\"u-container-layout u-valign-middle u-container-layout-2\" src=\"\"><\/div>\n              <\/div>\n            <\/div>\n          <\/div>\n        <\/div>\n      <\/div>\n    <\/section>\n    \n    \n  \n","protected":false},"excerpt":{"rendered":"<p>Cz\u0119\u015bci do Skidstera Rozgl\u0105dasz si\u0119 za cz\u0119\u015bciami do mini\u0142adowarki Skidster? Szukasz cz\u0119\u015bci do mini\u0142adowarki Skidster? Ch\u0119tnie pomo\u017cemy! Skidster jest poprzednikiem mini\u0142adowarek SHERPA, co oznacza, \u017ce \u200b\u200bwiemy wszystko o konserwacji i naprawach tych maszyn. Ponadto mo\u017cemy powiedzie\u0107 \u017ce mamy wszystkie odpowiednie cz\u0119\u015bci do Twojego Skidstera, poniewa\u017c kiedy\u015b importowali\u015bmy te maszyny.<\/p>\n","protected":false},"author":1,"featured_media":0,"parent":0,"menu_order":10,"comment_status":"closed","ping_status":"closed","template":"","meta":{"footnotes":""},"class_list":["post-444","page","type-page","status-publish","hentry"],"_links":{"self":[{"href":"https:\/\/sherpaladowarki.pl\/index.php\/wp-json\/wp\/v2\/pages\/444","targetHints":{"allow":["GET"]}}],"collection":[{"href":"https:\/\/sherpaladowarki.pl\/index.php\/wp-json\/wp\/v2\/pages"}],"about":[{"href":"https:\/\/sherpaladowarki.pl\/index.php\/wp-json\/wp\/v2\/types\/page"}],"author":[{"embeddable":true,"href":"https:\/\/sherpaladowarki.pl\/index.php\/wp-json\/wp\/v2\/users\/1"}],"replies":[{"embeddable":true,"href":"https:\/\/sherpaladowarki.pl\/index.php\/wp-json\/wp\/v2\/comments?post=444"}],"version-history":[{"count":2,"href":"https:\/\/sherpaladowarki.pl\/index.php\/wp-json\/wp\/v2\/pages\/444\/revisions"}],"predecessor-version":[{"id":622,"href":"https:\/\/sherpaladowarki.pl\/index.php\/wp-json\/wp\/v2\/pages\/444\/revisions\/622"}],"wp:attachment":[{"href":"https:\/\/sherpaladowarki.pl\/index.php\/wp-json\/wp\/v2\/media?parent=444"}],"curies":[{"name":"wp","href":"https:\/\/api.w.org\/{rel}","templated":true}]}}