{"id":438,"date":"2021-09-12T23:27:31","date_gmt":"2021-09-12T21:27:31","guid":{"rendered":"http:\/\/sherpaladowarki.pl\/index.php\/kontakt\/"},"modified":"2021-09-13T13:11:38","modified_gmt":"2021-09-13T11:11:38","slug":"kontakt","status":"publish","type":"page","link":"https:\/\/sherpaladowarki.pl\/index.php\/kontakt\/","title":{"rendered":"Kontakt"},"content":{"rendered":"\n    \n    <section class=\"u-clearfix u-section-2\" id=\"sec-bbdc\">\n      <div class=\"u-clearfix u-sheet u-sheet-1\">\n        <h1 class=\"u-text u-text-default u-text-1\">Kontakt<\/h1>\n      <\/div>\n    <\/section>\n    <section class=\"u-align-center u-clearfix u-valign-middle-lg u-valign-middle-md u-valign-middle-xl u-section-3\" id=\"carousel_fbeb\">\n      <img class=\"u-align-left u-expanded-width u-image u-left-0 lazyload u-image-1\" data-image-width=\"1170\" data-image-height=\"540\" data-src=\"https:\/\/sherpaladowarki.pl\/wp-content\/uploads\/2021\/09\/contact-foto.jpg\">\n    <\/section>\n    <section class=\"u-clearfix u-section-4\" id=\"sec-393e\">\n      <div class=\"u-clearfix u-sheet u-sheet-1\">\n        <div class=\"u-clearfix u-gutter-0 u-layout-wrap u-layout-wrap-1\">\n          <div class=\"u-layout\">\n            <div class=\"u-layout-row\">\n              <div class=\"u-container-style u-layout-cell u-size-39 u-white u-layout-cell-1\">\n                <div class=\"u-container-layout u-container-layout-1\">\n                  <div class=\"u-align-center u-form u-form-1\">\n                            <script>\n            function onSuccess(event) {\n                if (typeof window.serviceRequest !== 'undefined') {\n                    window.serviceRequest(jQuery(this).find('form'));\n                }\n                var msgContainer = jQuery(event.currentTarget).find('.wpcf7-response-output');\n                msgContainer.removeClass('u-form-send-error').addClass('u-form-send-message u-form-send-success');\n                msgContainer.show();\n                var redirectAddress = jQuery(event.currentTarget).find('[redirect-address]').attr('redirect-address');\n                if (redirectAddress) {\n                    setTimeout(function () {\n                        location.replace(redirectAddress);\n                    }, 2000);\n                }\n            }\n            function onError(event) {\n                var msgContainer = jQuery(event.currentTarget).find('.wpcf7-response-output');\n                msgContainer.removeClass('u-form-send-success').addClass('u-form-send-message u-form-send-error');\n                msgContainer.show();\n            }\n\n            jQuery('body')\n                .on('wpcf7mailsent',   '.u-form .wpcf7', onSuccess)\n                .on('wpcf7invalid',    '.u-form .wpcf7', onError)\n                .on('wpcf7:unaccepted', '.u-form .wpcf7', onError)\n                .on('wpcf7spam',       '.u-form .wpcf7', onError)\n                .on('wpcf7:aborted',    '.u-form .wpcf7', onError)\n                .on('wpcf7mailfailed', '.u-form .wpcf7', onError);\n        <\/script>\n        <style>\n            .u-form .wpcf7-response-output {\n                \/*position: relative !important;*\/\n                margin: 0 !important;\n                bottom: -70px!important;\n            }\n            .u-form .wpcf7 .ajax-loader {\n                margin-left: -24px;\n                margin-right: 0;\n            }\n        <\/style>\n\n<div class=\"wpcf7 no-js\" id=\"wpcf7-f504-o1\" lang=\"pl-PL\" dir=\"ltr\" data-wpcf7-id=\"504\">\n<div class=\"screen-reader-response\"><p role=\"status\" aria-live=\"polite\" aria-atomic=\"true\"><\/p> <ul><\/ul><\/div>\n<form style=\"padding: 10px;\" action=\"\/index.php\/wp-json\/wp\/v2\/pages\/438#wpcf7-f504-o1\" method=\"post\" class=\"wpcf7-form init u-clearfix u-form-spacing-10 u-form-vertical u-inner-form u-form-custom-backend\" aria-label=\"Formularz kontaktowy\" novalidate=\"novalidate\" data-status=\"init\">\n<fieldset class=\"hidden-fields-container\"><input type=\"hidden\" name=\"_wpcf7\" value=\"504\" \/><input type=\"hidden\" name=\"_wpcf7_version\" value=\"6.1.5\" \/><input type=\"hidden\" name=\"_wpcf7_locale\" value=\"pl_PL\" \/><input type=\"hidden\" name=\"_wpcf7_unit_tag\" value=\"wpcf7-f504-o1\" \/><input type=\"hidden\" name=\"_wpcf7_container_post\" value=\"0\" \/><input type=\"hidden\" name=\"_wpcf7_posted_data_hash\" value=\"\" \/>\n<\/fieldset>\n\n                      <div class=\"u-form-group wpcf7-form-control-wrap u-form-name\">\n                        <label for=\"name-0d78\" class=\"u-label\">Numer telefonu (opcjonalnie)<\/label>\n                        <input type=\"text\" placeholder=\"Wpisz numer telefonu...\" id=\"name-0d78\" name=\"tel\" class=\"u-border-1 u-border-grey-30 u-input wpcf7-form-control u-input-rectangle u-white\">\n                      <\/div>\n                      <div class=\"u-form-email u-form-group wpcf7-form-control-wrap\">\n                        <label for=\"email-0d78\" class=\"u-label\">Adres e-mail (opcjonalnie)<\/label>\n                        <input type=\"email\" placeholder=\"Wpisz adres e-mail...\" id=\"email-0d78\" name=\"mail\" class=\"u-border-1 u-border-grey-30 u-input wpcf7-form-control u-input-rectangle u-white\">\n                      <\/div>\n                      <div class=\"u-form-group wpcf7-form-control-wrap u-form-message\">\n                        <label for=\"message-0d78\" class=\"u-label\">Tre\u015b\u0107 wiadomo\u015bci<\/label>\n                        <textarea placeholder=\"Wpisz wiadomo\u015b\u0107...\" rows=\"4\" cols=\"50\" id=\"message-0d78\" name=\"message\" class=\"u-border-1 u-border-grey-30 u-input wpcf7-form-control u-input-rectangle u-white\" required=\"\"><\/textarea>\n                      <\/div>\n                      <div class=\"u-align-center u-form-group wpcf7-form-control-wrap u-form-submit wpcf7-form-control\">\n                        <a href=\"#\" class=\"u-btn u-btn-submit wpcf7-submit u-button-style\">Wy\u015blij wiadomo\u015b\u0107<\/a>\n                        <input type=\"submit\" value=\"submit\" class=\"u-form-control-hidden\">\n                      <\/div>\n                      <div class=\"u-form-send-message u-form-send-success\"> Thank you! Your message has been sent. <\/div>\n                      <div class=\"u-form-send-error u-form-send-message\"> Unable to send your message. Please fix errors then try again. <\/div>\n                      <input type=\"hidden\" value=\"\" name=\"recaptchaResponse\">\n                    <input type=\"hidden\" name=\"_contact7_backend\" value=\"1\"><div class=\"wpcf7-response-output\" aria-hidden=\"true\"><\/div>\n<\/form>\n<\/div>\n\n                  <\/div>\n                <\/div>\n              <\/div>\n              <div class=\"u-container-style u-layout-cell u-size-21 u-white u-layout-cell-2\">\n                <div class=\"u-container-layout u-container-layout-2\">\n                  <p class=\"u-text u-text-1\"> Doroshenko-Deker Sp. z o.o. <br>Mostowa 6 <br>66-470 Kostrzyn nad Odr\u0105 \n                  <\/p>\n                  <p class=\"u-text u-text-2\"> NIP PL 599 286 37 92 <br>REGON 211 29 32 08 <br>S\u0105d Rejonowy w Zielonej G\u00f3rze <br>VIII Wydzia\u0142 Gospodarczy KRS 0000210486 \n                  <\/p>\n                  <p class=\"u-text u-text-3\"> tel.: +48 <span class=\"u-text-palette-1-base\">95 752 57 80<\/span>\n                    <br>faks: +48 95 752 57 81 <br>e-mail: <span class=\"u-text-palette-1-base\">info@mucktruck.pl&nbsp;<\/span>\n                  <\/p>\n                  <img class=\"u-expanded-width u-image u-image-default lazyload u-image-1\" alt=\"\" data-image-width=\"737\" data-image-height=\"219\" data-href=\"http:\/\/www.en-decker.pl\/\" data-target=\"_blank\" data-src=\"https:\/\/sherpaladowarki.pl\/wp-content\/uploads\/2021\/09\/logo_en-decker.jpg\">\n                  <img class=\"u-expanded-width u-image u-image-default u-preserve-proportions lazyload u-image-2\" alt=\"\" data-image-width=\"240\" data-image-height=\"52\" data-href=\"http:\/\/mucktruck.pl\/\" data-target=\"_blank\" data-src=\"https:\/\/sherpaladowarki.pl\/wp-content\/uploads\/2021\/09\/logo_muck-truck.png\">\n                <\/div>\n              <\/div>\n            <\/div>\n          <\/div>\n        <\/div>\n      <\/div>\n    <\/section>\n    \n    \n  \n","protected":false},"excerpt":{"rendered":"<p>Kontakt Numer telefonu (opcjonalnie) Adres e-mail (opcjonalnie) Tre\u015b\u0107 wiadomo\u015bci Wy\u015blij wiadomo\u015b\u0107 Thank you! Your message has been sent. Unable to send your message. Please fix errors then try again. Doroshenko-Deker Sp. z o.o. Mostowa 6 66-470 Kostrzyn nad Odr\u0105 NIP PL 599 286 37 92 REGON 211 29 32 08 S\u0105d Rejonowy w Zielonej G\u00f3rze &hellip; <a href=\"https:\/\/sherpaladowarki.pl\/index.php\/kontakt\/\" class=\"more-link\">Continue reading<span class=\"screen-reader-text\"> &#8222;Kontakt&#8221;<\/span><\/a><\/p>\n","protected":false},"author":1,"featured_media":0,"parent":0,"menu_order":4,"comment_status":"closed","ping_status":"closed","template":"","meta":{"footnotes":""},"class_list":["post-438","page","type-page","status-publish","hentry"],"_links":{"self":[{"href":"https:\/\/sherpaladowarki.pl\/index.php\/wp-json\/wp\/v2\/pages\/438","targetHints":{"allow":["GET"]}}],"collection":[{"href":"https:\/\/sherpaladowarki.pl\/index.php\/wp-json\/wp\/v2\/pages"}],"about":[{"href":"https:\/\/sherpaladowarki.pl\/index.php\/wp-json\/wp\/v2\/types\/page"}],"author":[{"embeddable":true,"href":"https:\/\/sherpaladowarki.pl\/index.php\/wp-json\/wp\/v2\/users\/1"}],"replies":[{"embeddable":true,"href":"https:\/\/sherpaladowarki.pl\/index.php\/wp-json\/wp\/v2\/comments?post=438"}],"version-history":[{"count":4,"href":"https:\/\/sherpaladowarki.pl\/index.php\/wp-json\/wp\/v2\/pages\/438\/revisions"}],"predecessor-version":[{"id":527,"href":"https:\/\/sherpaladowarki.pl\/index.php\/wp-json\/wp\/v2\/pages\/438\/revisions\/527"}],"wp:attachment":[{"href":"https:\/\/sherpaladowarki.pl\/index.php\/wp-json\/wp\/v2\/media?parent=438"}],"curies":[{"name":"wp","href":"https:\/\/api.w.org\/{rel}","templated":true}]}}