{"id":435,"date":"2021-09-12T23:27:28","date_gmt":"2021-09-12T21:27:28","guid":{"rendered":"http:\/\/sherpaladowarki.pl\/index.php\/specialne\/"},"modified":"2021-09-17T13:45:56","modified_gmt":"2021-09-17T11:45:56","slug":"specialne","status":"publish","type":"page","link":"https:\/\/sherpaladowarki.pl\/index.php\/specialne\/","title":{"rendered":"Specialne"},"content":{"rendered":"\n    \n    <section class=\"u-clearfix u-section-2\" id=\"sec-453f\">\n      <div class=\"u-clearfix u-sheet u-sheet-1\">\n        <h1 class=\"u-text u-text-default u-text-1\"> Specialne<\/h1>\n      <\/div>\n    <\/section>\n    <section class=\"u-align-left u-clearfix u-image u-image-contain lazyload u-section-3\" src=\"\" data-image-width=\"3648\" data-image-height=\"2736\" id=\"sec-e4fc\" data-bg=\"url(&quot;https:\/\/sherpaladowarki.pl\/wp-content\/uploads\/2021\/09\/specials_glowne.jpg&quot;)\">\n      <div class=\"u-align-left u-clearfix u-sheet u-sheet-1\"><\/div>\n    <\/section>\n    <section class=\"u-align-center u-clearfix u-white u-section-4\" id=\"sec-0e33\">\n      <div class=\"u-align-left u-clearfix u-sheet u-sheet-1\">\n        <p class=\"u-align-justify u-text u-text-1\"> Standardowy asortyment nie zawsze spe\u0142nia \u017cyczenia klienta. W rezultacie SHERPA oferuje r\u00f3wnie\u017c produkcje maszyn i osprz\u0119tu na zam\u00f3wienie. Dzi\u0119ki w\u0142asnemu dzia\u0142owi rozwoju, wiedzy i wieloletniemu do\u015bwiadczeniu jeste\u015bmy w stanie zaproponowa\u0107 rozwi\u0105zanie ka\u017cdego problemu!&nbsp;<br>\n        <\/p>\n      <\/div>\n    <\/section>\n    <section class=\"u-clearfix u-section-5\" id=\"sec-6cac\">\n      <div class=\"u-clearfix u-sheet u-sheet-1\">\n        <h3 class=\"u-align-center u-text u-text-default u-text-1\">wideo<\/h3>\n        <div class=\"u-expanded-width u-gallery u-layout-grid u-lightbox u-no-transition u-show-text-on-hover u-gallery-1\">\n          <div class=\"u-gallery-inner u-gallery-inner-1\">\n            <div class=\"u-effect-fade u-gallery-item\">\n              <div class=\"u-back-slide u-video u-video-contain\" data-image-width=\"720\" data-image-height=\"1080\">\n                <div class=\"u-background-video u-expanded\" style=\"\">\n                  <div class=\"embed-responsive embed-responsive-1\">\n                    <iframe style=\"position: absolute;top: 0;left: 0;width: 100%;height: 100%;\" class=\"embed-responsive-item lazyload\" frameborder=\"0\" allowfullscreen=\"\" data-src=\"https:\/\/www.youtube-nocookie.com\/embed\/VlnImQZruGc?playlist=VlnImQZruGc&amp;loop=1&amp;mute=1&amp;showinfo=0&amp;controls=0&amp;start=0&amp;autoplay=1\"><\/iframe>\n                  <\/div>\n                <\/div>\n              <\/div>\n              <div class=\"u-over-slide u-shading u-over-slide-1\">\n                <h3 class=\"u-gallery-heading\"><\/h3>\n                <p class=\"u-gallery-text\"><\/p>\n              <\/div>\n            <\/div>\n            <div class=\"u-effect-fade u-gallery-item\">\n              <div class=\"u-back-slide u-video u-video-contain\" data-image-width=\"1620\" data-image-height=\"1080\">\n                <div class=\"u-background-video u-expanded\" style=\"\">\n                  <div class=\"embed-responsive embed-responsive-2\">\n                    <iframe style=\"position: absolute;top: 0;left: 0;width: 100%;height: 100%;\" class=\"embed-responsive-item lazyload\" frameborder=\"0\" allowfullscreen=\"\" data-src=\"https:\/\/www.youtube-nocookie.com\/embed\/0MlgOCmNIvE?playlist=0MlgOCmNIvE&amp;loop=1&amp;mute=1&amp;showinfo=0&amp;controls=0&amp;start=0&amp;autoplay=1\"><\/iframe>\n                  <\/div>\n                <\/div>\n              <\/div>\n              <div class=\"u-over-slide u-shading u-over-slide-2\">\n                <h3 class=\"u-gallery-heading\"><\/h3>\n                <p class=\"u-gallery-text\"><\/p>\n              <\/div>\n            <\/div>\n            <div class=\"u-effect-fade u-gallery-item\">\n              <div class=\"u-back-slide u-video u-video-contain\" data-image-width=\"1620\" data-image-height=\"1080\">\n                <div class=\"u-background-video u-expanded\" style=\"\">\n                  <div class=\"embed-responsive embed-responsive-3\">\n                    <iframe style=\"position: absolute;top: 0;left: 0;width: 100%;height: 100%;\" class=\"embed-responsive-item lazyload\" frameborder=\"0\" allowfullscreen=\"\" data-src=\"https:\/\/www.youtube-nocookie.com\/embed\/QJcyZ88O8sM?playlist=QJcyZ88O8sM&amp;loop=1&amp;mute=1&amp;showinfo=0&amp;controls=0&amp;start=0&amp;autoplay=1\"><\/iframe>\n                  <\/div>\n                <\/div>\n              <\/div>\n              <div class=\"u-over-slide u-shading u-over-slide-3\">\n                <h3 class=\"u-gallery-heading\"><\/h3>\n                <p class=\"u-gallery-text\"><\/p>\n              <\/div>\n            <\/div>\n            <div class=\"u-effect-fade u-gallery-item\">\n              <div class=\"u-back-slide u-video\" data-image-width=\"720\" data-image-height=\"1080\">\n                <div class=\"u-background-video u-expanded\" style=\"\">\n                  <div class=\"embed-responsive embed-responsive-4\">\n                    <iframe style=\"position: absolute;top: 0;left: 0;width: 100%;height: 100%;\" class=\"embed-responsive-item lazyload\" frameborder=\"0\" allowfullscreen=\"\" data-src=\"https:\/\/www.youtube-nocookie.com\/embed\/brv9fa-IX3s?playlist=brv9fa-IX3s&amp;loop=1&amp;mute=1&amp;showinfo=0&amp;controls=0&amp;start=0&amp;autoplay=1\"><\/iframe>\n                  <\/div>\n                <\/div>\n              <\/div>\n              <div class=\"u-over-slide u-shading u-over-slide-4\">\n                <h3 class=\"u-gallery-heading\"><\/h3>\n                <p class=\"u-gallery-text\"><\/p>\n              <\/div>\n            <\/div>\n            <div class=\"u-effect-fade u-gallery-item\">\n              <div class=\"u-back-slide u-video u-video-contain\" data-image-width=\"720\" data-image-height=\"1080\">\n                <div class=\"u-background-video u-expanded\" style=\"\">\n                  <div class=\"embed-responsive embed-responsive-5\">\n                    <iframe style=\"position: absolute;top: 0;left: 0;width: 100%;height: 100%;\" class=\"embed-responsive-item lazyload\" frameborder=\"0\" allowfullscreen=\"\" data-src=\"https:\/\/www.youtube-nocookie.com\/embed\/rSCdvdBNJnI?playlist=rSCdvdBNJnI&amp;loop=1&amp;mute=1&amp;showinfo=0&amp;controls=0&amp;start=0&amp;autoplay=1\"><\/iframe>\n                  <\/div>\n                <\/div>\n              <\/div>\n              <div class=\"u-over-slide u-shading u-over-slide-5\">\n                <h3 class=\"u-gallery-heading\"><\/h3>\n                <p class=\"u-gallery-text\"><\/p>\n              <\/div>\n            <\/div>\n            <div class=\"u-effect-fade u-gallery-item\">\n              <div class=\"u-back-slide u-video u-video-contain\" data-image-width=\"720\" data-image-height=\"1080\">\n                <div class=\"u-background-video u-expanded\" style=\"\">\n                  <div class=\"embed-responsive embed-responsive-6\">\n                    <iframe style=\"position: absolute;top: 0;left: 0;width: 100%;height: 100%;\" class=\"embed-responsive-item lazyload\" frameborder=\"0\" allowfullscreen=\"\" data-src=\"https:\/\/www.youtube-nocookie.com\/embed\/OIAYuQpygYg?playlist=OIAYuQpygYg&amp;loop=1&amp;mute=1&amp;showinfo=0&amp;controls=0&amp;start=0&amp;autoplay=1\"><\/iframe>\n                  <\/div>\n                <\/div>\n              <\/div>\n              <div class=\"u-over-slide u-shading u-over-slide-6\">\n                <h3 class=\"u-gallery-heading\"><\/h3>\n                <p class=\"u-gallery-text\"><\/p>\n              <\/div>\n            <\/div>\n            <div class=\"u-effect-fade u-gallery-item\">\n              <div class=\"u-back-slide u-video u-video-contain\" data-image-width=\"1600\" data-image-height=\"1067\">\n                <div class=\"u-background-video u-expanded\" style=\"\">\n                  <div class=\"embed-responsive embed-responsive-7\">\n                    <iframe style=\"position: absolute;top: 0;left: 0;width: 100%;height: 100%;\" class=\"embed-responsive-item lazyload\" frameborder=\"0\" allowfullscreen=\"\" data-src=\"https:\/\/www.youtube-nocookie.com\/embed\/R3-ZUOcG0VY?playlist=R3-ZUOcG0VY&amp;loop=1&amp;mute=1&amp;showinfo=0&amp;controls=0&amp;start=0&amp;autoplay=1\"><\/iframe>\n                  <\/div>\n                <\/div>\n              <\/div>\n              <div class=\"u-over-slide u-shading u-over-slide-7\">\n                <h3 class=\"u-gallery-heading\"><\/h3>\n                <p class=\"u-gallery-text\"><\/p>\n              <\/div>\n            <\/div>\n            <div class=\"u-effect-fade u-gallery-item\">\n              <div class=\"u-back-slide u-video\" data-image-width=\"211\" data-image-height=\"182\">\n                <div class=\"u-background-video u-expanded\" style=\"\">\n                  <div class=\"embed-responsive embed-responsive-8\">\n                    <iframe style=\"position: absolute;top: 0;left: 0;width: 100%;height: 100%;\" class=\"embed-responsive-item lazyload\" frameborder=\"0\" allowfullscreen=\"\" data-src=\"https:\/\/www.youtube-nocookie.com\/embed\/YcZL1EjVQcw?playlist=YcZL1EjVQcw&amp;loop=1&amp;mute=1&amp;showinfo=0&amp;controls=0&amp;start=0&amp;autoplay=1\"><\/iframe>\n                  <\/div>\n                <\/div>\n              <\/div>\n              <div class=\"u-over-slide u-shading u-over-slide-8\">\n                <h3 class=\"u-gallery-heading\"><\/h3>\n                <p class=\"u-gallery-text\"><\/p>\n              <\/div>\n            <\/div>\n            <div class=\"u-effect-fade u-gallery-item\">\n              <div class=\"u-back-slide u-video u-video-contain\" data-image-width=\"211\" data-image-height=\"182\">\n                <div class=\"u-background-video u-expanded\" style=\"\">\n                  <div class=\"embed-responsive embed-responsive-9\">\n                    <iframe style=\"position: absolute;top: 0;left: 0;width: 100%;height: 100%;\" class=\"embed-responsive-item lazyload\" frameborder=\"0\" allowfullscreen=\"\" data-src=\"https:\/\/www.youtube-nocookie.com\/embed\/pMNSRE6561E?playlist=pMNSRE6561E&amp;loop=1&amp;mute=1&amp;showinfo=0&amp;controls=0&amp;start=0&amp;autoplay=1\"><\/iframe>\n                  <\/div>\n                <\/div>\n              <\/div>\n              <div class=\"u-over-slide u-shading u-over-slide-9\">\n                <h3 class=\"u-gallery-heading\"><\/h3>\n                <p class=\"u-gallery-text\"><\/p>\n              <\/div>\n            <\/div>\n            <div class=\"u-effect-fade u-gallery-item\">\n              <div class=\"u-back-slide u-back-slide-10\" data-image-width=\"211\" data-image-height=\"182\">\n                <img alt=\"\" data-image-width=\"2000\" data-image-height=\"1333\" class=\"u-back-image u-expanded lazyload\" data-src=\"https:\/\/sherpaladowarki.pl\/wp-content\/uploads\/2021\/09\/biale8.jpg\">\n              <\/div>\n              <div class=\"u-over-slide u-shading u-over-slide-10\">\n                <h3 class=\"u-gallery-heading\"><\/h3>\n                <p class=\"u-gallery-text\"><\/p>\n              <\/div>\n            <\/div>\n            <div class=\"u-effect-fade u-gallery-item\">\n              <div class=\"u-back-slide\" data-image-width=\"211\" data-image-height=\"182\">\n                <img class=\"u-back-image u-expanded lazyload\" data-src=\"https:\/\/sherpaladowarki.pl\/wp-content\/uploads\/2021\/09\/biale7.jpg\">\n              <\/div>\n              <div class=\"u-over-slide u-shading u-over-slide-11\">\n                <h3 class=\"u-gallery-heading\"><\/h3>\n                <p class=\"u-gallery-text\"><\/p>\n              <\/div>\n            <\/div>\n            <div class=\"u-effect-fade u-gallery-item\">\n              <div class=\"u-back-slide\" data-image-width=\"211\" data-image-height=\"182\">\n                <img class=\"u-back-image u-expanded lazyload\" data-src=\"https:\/\/sherpaladowarki.pl\/wp-content\/uploads\/2021\/09\/biale7.jpg\">\n              <\/div>\n              <div class=\"u-over-slide u-shading u-over-slide-12\">\n                <h3 class=\"u-gallery-heading\"><\/h3>\n                <p class=\"u-gallery-text\"><\/p>\n              <\/div>\n            <\/div>\n          <\/div>\n        <\/div>\n      <\/div>\n    <\/section>\n    <section class=\"u-clearfix u-section-6\" id=\"carousel_0c88\">\n      <div class=\"u-clearfix u-sheet u-sheet-1\">\n        <h3 class=\"u-align-center u-text u-text-default u-text-1\">Photo<\/h3>\n        <div class=\"u-expanded-width u-gallery u-layout-grid u-lightbox u-no-transition u-show-text-on-hover u-gallery-1\">\n          <div class=\"u-gallery-inner u-gallery-inner-1\">\n            <div class=\"u-effect-fade u-gallery-item\">\n              <div class=\"u-back-slide\" data-image-width=\"1440\" data-image-height=\"1080\">\n                <img class=\"u-back-image u-expanded lazyload\" data-src=\"https:\/\/sherpaladowarki.pl\/wp-content\/uploads\/2021\/09\/specials_gal1.jpg\">\n              <\/div>\n              <div class=\"u-over-slide u-shading u-over-slide-1\">\n                <h3 class=\"u-gallery-heading\"><\/h3>\n                <p class=\"u-gallery-text\"><\/p>\n              <\/div>\n            <\/div>\n            <div class=\"u-effect-fade u-gallery-item\">\n              <div class=\"u-back-slide\" data-image-width=\"1440\" data-image-height=\"1080\">\n                <img class=\"u-back-image u-expanded lazyload\" data-src=\"https:\/\/sherpaladowarki.pl\/wp-content\/uploads\/2021\/09\/specials_gal2.jpg\">\n              <\/div>\n              <div class=\"u-over-slide u-shading u-over-slide-2\">\n                <h3 class=\"u-gallery-heading\"><\/h3>\n                <p class=\"u-gallery-text\"><\/p>\n              <\/div>\n            <\/div>\n            <div class=\"u-effect-fade u-gallery-item\">\n              <div class=\"u-back-slide\" data-image-width=\"1440\" data-image-height=\"1080\">\n                <img class=\"u-back-image u-expanded lazyload\" data-src=\"https:\/\/sherpaladowarki.pl\/wp-content\/uploads\/2021\/09\/specials_gal3.jpg\">\n              <\/div>\n              <div class=\"u-over-slide u-shading u-over-slide-3\">\n                <h3 class=\"u-gallery-heading\"><\/h3>\n                <p class=\"u-gallery-text\"><\/p>\n              <\/div>\n            <\/div>\n            <div class=\"u-effect-fade u-gallery-item\">\n              <div class=\"u-back-slide\" data-image-width=\"1409\" data-image-height=\"662\">\n                <img class=\"u-back-image u-expanded lazyload\" data-src=\"https:\/\/sherpaladowarki.pl\/wp-content\/uploads\/2021\/09\/specials_gal4.jpg\">\n              <\/div>\n              <div class=\"u-over-slide u-shading u-over-slide-4\">\n                <h3 class=\"u-gallery-heading\"><\/h3>\n                <p class=\"u-gallery-text\"><\/p>\n              <\/div>\n            <\/div>\n            <div class=\"u-effect-fade u-gallery-item\">\n              <div class=\"u-back-slide\" data-image-width=\"1440\" data-image-height=\"1080\">\n                <img class=\"u-back-image u-expanded lazyload\" data-src=\"https:\/\/sherpaladowarki.pl\/wp-content\/uploads\/2021\/09\/specials_gal5.jpg\">\n              <\/div>\n              <div class=\"u-over-slide u-shading u-over-slide-5\">\n                <h3 class=\"u-gallery-heading\"><\/h3>\n                <p class=\"u-gallery-text\"><\/p>\n              <\/div>\n            <\/div>\n          <\/div>\n        <\/div>\n      <\/div>\n    <\/section>\n    \n    \n  \n","protected":false},"excerpt":{"rendered":"<p>Specialne Standardowy asortyment nie zawsze spe\u0142nia \u017cyczenia klienta. W rezultacie SHERPA oferuje r\u00f3wnie\u017c produkcje maszyn i osprz\u0119tu na zam\u00f3wienie. Dzi\u0119ki w\u0142asnemu dzia\u0142owi rozwoju, wiedzy i wieloletniemu do\u015bwiadczeniu jeste\u015bmy w stanie zaproponowa\u0107 rozwi\u0105zanie ka\u017cdego problemu!&nbsp; wideo Photo<\/p>\n","protected":false},"author":1,"featured_media":0,"parent":0,"menu_order":1,"comment_status":"closed","ping_status":"closed","template":"","meta":{"footnotes":""},"class_list":["post-435","page","type-page","status-publish","hentry"],"_links":{"self":[{"href":"https:\/\/sherpaladowarki.pl\/index.php\/wp-json\/wp\/v2\/pages\/435","targetHints":{"allow":["GET"]}}],"collection":[{"href":"https:\/\/sherpaladowarki.pl\/index.php\/wp-json\/wp\/v2\/pages"}],"about":[{"href":"https:\/\/sherpaladowarki.pl\/index.php\/wp-json\/wp\/v2\/types\/page"}],"author":[{"embeddable":true,"href":"https:\/\/sherpaladowarki.pl\/index.php\/wp-json\/wp\/v2\/users\/1"}],"replies":[{"embeddable":true,"href":"https:\/\/sherpaladowarki.pl\/index.php\/wp-json\/wp\/v2\/comments?post=435"}],"version-history":[{"count":2,"href":"https:\/\/sherpaladowarki.pl\/index.php\/wp-json\/wp\/v2\/pages\/435\/revisions"}],"predecessor-version":[{"id":553,"href":"https:\/\/sherpaladowarki.pl\/index.php\/wp-json\/wp\/v2\/pages\/435\/revisions\/553"}],"wp:attachment":[{"href":"https:\/\/sherpaladowarki.pl\/index.php\/wp-json\/wp\/v2\/media?parent=435"}],"curies":[{"name":"wp","href":"https:\/\/api.w.org\/{rel}","templated":true}]}}